{"id":1153,"date":"2018-05-06T14:12:30","date_gmt":"2018-05-06T12:12:30","guid":{"rendered":"http:\/\/www.cooksofgrind.org\/v11\/?page_id=1153"},"modified":"2020-07-29T14:55:11","modified_gmt":"2020-07-29T12:55:11","slug":"cooks-records","status":"publish","type":"page","link":"https:\/\/www.cooksofgrind.org\/v11\/cooks-records\/","title":{"rendered":"Cooks Records"},"content":{"rendered":"<p id=\"js_dc7\" class=\"_14f3 _14f5 _5pbw _5vra\" data-ft=\"{&quot;tn&quot;:&quot;C&quot;}\"><span class=\"fwn fcg\"><span class=\"fcg\">\u201eBinder&amp;Krieglstein \/ Trommeln der Nacht\u201c<\/span><\/span><\/p>\n<p>V\u00d6: Mai 2018<br>produced by <a class=\"profileLink\" href=\"https:\/\/www.facebook.com\/binderundkrieglstein\/?fref=mentions\" data-hovercard=\"\/ajax\/hovercard\/page.php?id=271083054594&amp;extragetparams=%7B%22fref%22%3A%22mentions%22%7D\" data-hovercard-prefer-more-content-show=\"1\">Binder &amp; Krieglstein<\/a><br>mastered by <a class=\"profileLink\" href=\"https:\/\/www.facebook.com\/cow.udders?fref=mentions\" data-hovercard=\"\/ajax\/hovercard\/user.php?id=1186702319&amp;extragetparams=%7B%22fref%22%3A%22mentions%22%7D\" data-hovercard-prefer-more-content-show=\"1\">Cow Udderx<\/a><br>layout by <a class=\"profileLink\" href=\"https:\/\/www.facebook.com\/sabs.jauk?fref=mentions\" data-hovercard=\"\/ajax\/hovercard\/user.php?id=1355648995&amp;extragetparams=%7B%22fref%22%3A%22mentions%22%7D\" data-hovercard-prefer-more-content-show=\"1\">Ja Sabs<\/a><br>pics: <a class=\"profileLink\" href=\"https:\/\/www.facebook.com\/clara.wildberger?fref=mentions\" data-hovercard=\"\/ajax\/hovercard\/user.php?id=737769520&amp;extragetparams=%7B%22fref%22%3A%22mentions%22%7D\" data-hovercard-prefer-more-content-show=\"1\">Clara Wildberger<\/a><\/p>\n<p>Infos: <a href=\"mailto:uwe_gallaun@hotmail.com\">uwe_gallaun@hotmail.com<\/a><\/p>\n\n\n<figure class=\"wp-block-image size-large\"><img loading=\"lazy\" decoding=\"async\" width=\"1000\" height=\"1000\" src=\"https:\/\/www.cooksofgrind.org\/v11\/wp-content\/uploads\/115797331_10217274368513266_2811106166940940410_o.jpg\" alt=\"\" class=\"wp-image-1198\" srcset=\"https:\/\/www.cooksofgrind.org\/v11\/wp-content\/uploads\/115797331_10217274368513266_2811106166940940410_o.jpg 1000w, https:\/\/www.cooksofgrind.org\/v11\/wp-content\/uploads\/115797331_10217274368513266_2811106166940940410_o-300x300.jpg 300w, https:\/\/www.cooksofgrind.org\/v11\/wp-content\/uploads\/115797331_10217274368513266_2811106166940940410_o-290x290.jpg 290w, https:\/\/www.cooksofgrind.org\/v11\/wp-content\/uploads\/115797331_10217274368513266_2811106166940940410_o-768x768.jpg 768w, https:\/\/www.cooksofgrind.org\/v11\/wp-content\/uploads\/115797331_10217274368513266_2811106166940940410_o-88x88.jpg 88w, https:\/\/www.cooksofgrind.org\/v11\/wp-content\/uploads\/115797331_10217274368513266_2811106166940940410_o-973x973.jpg 973w, https:\/\/www.cooksofgrind.org\/v11\/wp-content\/uploads\/115797331_10217274368513266_2811106166940940410_o-508x508.jpg 508w\" sizes=\"(max-width: 1000px) 100vw, 1000px\" \/><\/figure>\n\n\n\n<p>Die erste Espressobar von Graz wurde bereits 1931 er\u00f6ffnet. Seit 2017 trifft man sich dort jeden Dienstag zu Konzert oder Performance. So hat sich das CAF\u00c9 WOLF zu einem pulsierenden Ort der lokalen und internationalen Musikavantgarde entwickelt. Um die Qualit\u00e4t und Vielf\u00e4ltigkeit der Auftritte zu dokumentieren, produzieren wir einen ersten Sampler mit einer Auswahl \u00f6sterreichischer Interpret*innen.<\/p>\n\n\n\n<p><a href=\"https:\/\/www.startnext.com\/cafe-wolf-sampler-vol-1?fbclid=IwAR0cL6a2ObhpggjMpJpkX13cxn-cZS5EhIiWofzx3MV0SoQIXIn_ASoI1tc\">https:\/\/www.startnext.com\/cafe-wolf-sampler-vol-1?fbclid=IwAR0cL6a2ObhpggjMpJpkX13cxn-cZS5EhIiWofzx3MV0SoQIXIn_ASoI1tc<\/a><\/p>\n","protected":false},"excerpt":{"rendered":"<p>\u201eBinder&amp;Krieglstein \/ Trommeln der Nacht\u201c V\u00d6: Mai 2018produced by Binder &amp; Krieglsteinmastered by Cow Udderxlayout by Ja Sabspics: Clara Wildberger Infos: uwe_gallaun@hotmail.com Die erste Espressobar von Graz wurde&#8230;<\/p>\n","protected":false},"author":1,"featured_media":1158,"parent":0,"menu_order":0,"comment_status":"closed","ping_status":"closed","template":"","meta":{"footnotes":""},"_links":{"self":[{"href":"https:\/\/www.cooksofgrind.org\/v11\/wp-json\/wp\/v2\/pages\/1153"}],"collection":[{"href":"https:\/\/www.cooksofgrind.org\/v11\/wp-json\/wp\/v2\/pages"}],"about":[{"href":"https:\/\/www.cooksofgrind.org\/v11\/wp-json\/wp\/v2\/types\/page"}],"author":[{"embeddable":true,"href":"https:\/\/www.cooksofgrind.org\/v11\/wp-json\/wp\/v2\/users\/1"}],"replies":[{"embeddable":true,"href":"https:\/\/www.cooksofgrind.org\/v11\/wp-json\/wp\/v2\/comments?post=1153"}],"version-history":[{"count":3,"href":"https:\/\/www.cooksofgrind.org\/v11\/wp-json\/wp\/v2\/pages\/1153\/revisions"}],"predecessor-version":[{"id":1199,"href":"https:\/\/www.cooksofgrind.org\/v11\/wp-json\/wp\/v2\/pages\/1153\/revisions\/1199"}],"wp:featuredmedia":[{"embeddable":true,"href":"https:\/\/www.cooksofgrind.org\/v11\/wp-json\/wp\/v2\/media\/1158"}],"wp:attachment":[{"href":"https:\/\/www.cooksofgrind.org\/v11\/wp-json\/wp\/v2\/media?parent=1153"}],"curies":[{"name":"wp","href":"https:\/\/api.w.org\/{rel}","templated":true}]}}