{"id":271,"date":"2011-10-12T16:22:16","date_gmt":"2011-10-12T14:22:16","guid":{"rendered":"http:\/\/www.cooksofgrind.org\/v11\/?page_id=271"},"modified":"2011-10-16T21:00:37","modified_gmt":"2011-10-16T19:00:37","slug":"faqs","status":"publish","type":"page","link":"https:\/\/www.cooksofgrind.org\/v11\/faqs\/","title":{"rendered":"FAQs"},"content":{"rendered":"<p>Die Cooks of Grind wurden 2001 von drei Freunden im Lokal Rauberg in Graz gegr\u00fcndet. Das urspr\u00fcngliche Konzept war es im privaten Bereich abwechselnd und ohne gro\u00dfen Aufwand f\u00fcr einander zu kochen.<\/p>\n<p>Die Spielregeln: eine Person kocht ein Men\u00fc mit drei G\u00e4ngen, ein anderer mimt den Gastgeber, die G\u00e4ste m\u00fcssen anschlie\u00dfend eine Gourmand-\/ Gourmet-Kritik verfassen, diese wird gemeinsam mit dem Rezept und Polaroids von den Speisen auf die Homepage gestellt. Innerhalb des Kochkunstkollektivs entwickelten sich aber relativ rasch meist k\u00fcnstlerische Ideen aus denen ambitionierte Projekte entstanden. Die Kontakte zur freien Kunstszene in Graz erm\u00f6glichten die Umsetzung erster Projekte und Performances im Kunstkontext bzw. im \u00f6ffentlichen Raum.<\/p>\n<p>Seit 2003 sind die Cooks of Grind als Verein organisiert. Zum Namen \u201eCooks of Grind\u201c<\/p>\n<p>Cooks of Grind, k\u00f6nnte man frei mit \u201eDie K\u00f6che des Mahlens, der sich st\u00e4ndig mahlenden Wiederholung\u201c \u00fcbersetzen. Tats\u00e4chlich leiten die Cooks of Grind ihren Namen von der Musikrichtung \u201eGrindcore\u201c her.<\/p>\n<p>Grindcore ist die wohl \u201eextremste\u201c Spielart des \u201eHeavy Metal\u201c. Die fr\u00fchen Grindcore-Gruppen sehen ihren musikalischen Ursprung vorwiegend im Punkrock. Dieser entwickelte sich Anfang der 80er Jahre zum Hardcore, und der Ausdruck Grindcore greift sowohl in Begrifflichkeit als auch in Musikalit\u00e4t und den oftmals sozialkritischen Texten bewusst darauf zur\u00fcck. Oft\u00a0griffen die Bands auch zu ironischer \u00dcberh\u00f6hung der vor allem m\u00e4nnlichen Klischees des Heavy Metal. Als Vorreiter gelten Gruppen wie Napalm Death und Carcass sowie alle Gruppen, in denen Musiker dieser beiden aktiv waren. Die Affinit\u00e4t zu den diversen anderen Spielarten des Heavy Metal (Death Metal) wurde Ende der 80er Jahre offensichtlich. Grenzf\u00e4lle sind vor allem Gruppen wie Bolt Thrower, sp\u00e4tere Carcass und sp\u00e4tere Napalm Death, die visuelle und lyrische Elemente aus den Bereichen des Horrorfilm-Genres hinzuf\u00fcgten.<\/p>\n<p>Die \u201eVerwechslung\u201c mit dem deutschen Wort \u201egrindig\u201c, \u201eGrind\u201c ist nat\u00fcrlich beabsichtigt.<\/p>\n<p>Grindig: Es bedeutet \u201emit Aussatz behaftet\u201c und wird zumeist auf Menschen bezogen. Wenn es auf ein Tier angewendet wird, ist \u201egrindig\u201c auch Synonym f\u00fcr \u201er\u00e4udig\u201c. Die Grimms schreiben, dass \u201ezahlreiche Sprichw\u00f6rter und Redensarten bezeugen, wie verbreitet der Kopfgrind zumal in fr\u00fcheren Zeiten war\u201c: \u201eGrind, unflat, leuse und fl\u00f6he sind des faulen t\u00e4gliche geste\u201c, \u201eWo grind ist, da ist j\u00fccken\u201c, \u201eZu einem b\u00f6sen grind geh\u00f6rt eine scharfe lauge\u201c. Es w\u00e4re interessant zu wissen, seit wann \u201egrindig\u201c den engeren Bedeutungsbereich des Auss\u00e4tzigen hinter sich gelassen hat und zu einem allgemeineren Ausdruck des Ekels und des Abscheus in weiten, vor allem jugendlichen Bev\u00f6lkerungskreisen geworden ist, worauf sich \u201egrindig\u201c exakt beziehen kann, wo es verwendet wird und wie es sich zu konkurrierenden Begriffen wie \u201e\u00e4tzend\u201c, \u201etiaf\u201c oder \u201er\u00e4udig\u201c verh\u00e4lt \u2013 ob es also zum Beispiel Dinge gibt, die zwar grindig sein k\u00f6nnen, nicht aber tiaf und vice versa.<\/p>\n<p>&nbsp;<\/p>\n<p>&nbsp;<\/p>\n<p>&nbsp;<\/p>\n","protected":false},"excerpt":{"rendered":"<p>Die Cooks of Grind wurden 2001 von drei Freunden im Lokal Rauberg in Graz gegr\u00fcndet. Das urspr\u00fcngliche Konzept war es im privaten Bereich abwechselnd und ohne gro\u00dfen Aufwand&#8230;<\/p>\n","protected":false},"author":1,"featured_media":0,"parent":0,"menu_order":0,"comment_status":"closed","ping_status":"open","template":"","meta":{"footnotes":""},"_links":{"self":[{"href":"https:\/\/www.cooksofgrind.org\/v11\/wp-json\/wp\/v2\/pages\/271"}],"collection":[{"href":"https:\/\/www.cooksofgrind.org\/v11\/wp-json\/wp\/v2\/pages"}],"about":[{"href":"https:\/\/www.cooksofgrind.org\/v11\/wp-json\/wp\/v2\/types\/page"}],"author":[{"embeddable":true,"href":"https:\/\/www.cooksofgrind.org\/v11\/wp-json\/wp\/v2\/users\/1"}],"replies":[{"embeddable":true,"href":"https:\/\/www.cooksofgrind.org\/v11\/wp-json\/wp\/v2\/comments?post=271"}],"version-history":[{"count":4,"href":"https:\/\/www.cooksofgrind.org\/v11\/wp-json\/wp\/v2\/pages\/271\/revisions"}],"predecessor-version":[{"id":339,"href":"https:\/\/www.cooksofgrind.org\/v11\/wp-json\/wp\/v2\/pages\/271\/revisions\/339"}],"wp:attachment":[{"href":"https:\/\/www.cooksofgrind.org\/v11\/wp-json\/wp\/v2\/media?parent=271"}],"curies":[{"name":"wp","href":"https:\/\/api.w.org\/{rel}","templated":true}]}}