{"id":457,"date":"2013-04-13T19:27:35","date_gmt":"2013-04-13T17:27:35","guid":{"rendered":"http:\/\/www.cooksofgrind.org\/v11\/?page_id=457"},"modified":"2018-04-27T09:04:08","modified_gmt":"2018-04-27T07:04:08","slug":"grind-cooking-3","status":"publish","type":"page","link":"https:\/\/www.cooksofgrind.org\/v11\/menus\/grind-cooking-3\/","title":{"rendered":".. grind cooking #3 .."},"content":{"rendered":"<p><img loading=\"lazy\" decoding=\"async\" class=\"alignleft size-full wp-image-678\" alt=\"grind301\" src=\"https:\/\/www.cooksofgrind.org\/v11\/wp-content\/uploads\/grind301.gif\" width=\"118\" height=\"142\" \/> <img loading=\"lazy\" decoding=\"async\" class=\"alignleft size-full wp-image-679\" alt=\"grind302\" src=\"https:\/\/www.cooksofgrind.org\/v11\/wp-content\/uploads\/grind302.gif\" width=\"118\" height=\"141\" \/> <img loading=\"lazy\" decoding=\"async\" class=\"alignleft size-full wp-image-680\" alt=\"grind303\" src=\"https:\/\/www.cooksofgrind.org\/v11\/wp-content\/uploads\/grind303.gif\" width=\"118\" height=\"133\" \/><\/p>\n<p>&nbsp;<\/p>\n<p>&nbsp;<\/p>\n<p>&nbsp;<\/p>\n<p>&nbsp;<\/p>\n<p>&nbsp;<\/p>\n<p>&nbsp;<\/p>\n<p><strong><span style=\"color: #000000;\">men\u00fc &#8222;bubentraum&#8220;<\/span><\/strong><br \/>\n<span style=\"color: #000000;\"> (f\u00fcr 5 Personen)<\/span><br \/>\n<span style=\"color: #000000;\"> Koch: Fisch<\/span><br \/>\n<span style=\"color: #000000;\"> Gastgeber: John<\/span><\/p>\n<p><span style=\"color: #000000;\">zur begr\u00fcssung eine runde g\u00f6sser gewinnspiel<\/span><\/p>\n<p><strong><span style=\"color: #000000;\">vorspeise buchstabensuppe<\/span><\/strong><\/p>\n<p><span style=\"color: #000000;\">2 p\u00e4ckchen recheis buchstaben , 4 stk. suppenw\u00fcrfel , schnittlauch<\/span><\/p>\n<p><span style=\"color: #000000;\">parallel in 2 grosse t\u00f6pfen je 2 liter wasser zum kochen bringen<\/span><br \/>\n<span style=\"color: #000000;\"> 1. topf &#8211; buchstaben mit etwas salz 8 min leicht k\u00f6cheln, danach abseien<\/span><br \/>\n<span style=\"color: #000000;\"> 2. topf &#8211; suppenw\u00fcrfel beigeben etwas umr\u00fchren ,<\/span><br \/>\n<span style=\"color: #000000;\"> buchstaben einr\u00fchren &#8211; servierfertig<\/span><\/p>\n<p><strong><span style=\"color: #000000;\">hauptspeise kern\u00f6leierspeis mit thunfisch<\/span><\/strong><\/p>\n<p><span style=\"color: #000000;\">20 spar gold-dotter eier , 350 g emmentaler gestiftelt, 2 dosen<\/span><br \/>\n<span style=\"color: #000000;\"> spar thunfisch , kern\u00f6l, salz , pfeffer<\/span><\/p>\n<p><span style=\"color: #000000;\">eier aufschlagen und in einer sch\u00fcssel verr\u00fchren, in einer<\/span><br \/>\n<span style=\"color: #000000;\"> grossen beschichteten pfanne einige spritzer kern\u00f6l erhitzen, tunfisch dazu und leicht anr\u00f6sten, nochmal ordentlich kern\u00f6l rein<\/span><br \/>\n<span style=\"color: #000000;\"> dann eier und k\u00e4se dazu, salzen u. pfeffern, immer<\/span><br \/>\n<span style=\"color: #000000;\"> sch\u00f6n aufr\u00fchren bis das ganze durch ist (4-5 min)<\/span><br \/>\n<span style=\"color: #000000;\"> mit knusprigem schwarzbrot servieren<\/span><br \/>\n<span style=\"color: #000000;\"> dazu ein oststeirischer zweigelt<\/span><\/p>\n<p><strong><span style=\"color: #000000;\">nachspeise unechter indianer mit instantschlag<\/span><\/strong><\/p>\n<p><span style=\"color: #000000;\">schwedenbombe mit fertigsahne aus dem druckbeh\u00e4lter<\/span><br \/>\n<span style=\"color: #000000;\"> dekoriert servieren<\/span><br \/>\n<span style=\"color: #000000;\"> variante: kokoskuppel statt bombe<\/span><\/p>\n<p><span style=\"color: #000000;\">die bombe schlug so ein, dass die runde aufs fotografieren verga\u00df<\/span><br \/>\n<span style=\"color: #000000;\"> daher ist nur die variante dokumentiert.<\/span><\/p>\n<p><strong><span style=\"color: #000000;\">kritiken:<\/span><\/strong><\/p>\n<p><span style=\"color: #000000;\">Auch diesmal wieder ein g\u00b4schmackiges Mahl mit sportlich exponentiell ansteigender Deftigkeit von K\u00e4pt\u00b4n Blei.<\/span><br \/>\n<span style=\"color: #000000;\"> Eingangs die Alphabetisierungsma\u00dfnahme hat mir wirklich viel Freude bereitet, einzig das &#8222;G&#8220; f\u00fcr den Grind-Schriftzug am Tellerrand fand ich erst als die Suppe schon kalt war.<\/span><br \/>\n<span style=\"color: #000000;\"> Die Oa-schpeiss ein lukullischer Genuss, ohne Zwiebel vermeidet man auch den einen oder anderen Wind am Tag danach, der Thunfisch war sehr dezent im Abgang. Zum Leckerheitsfaktor des Desserts gen\u00fcgt es, zu sagen, dass es bereits verputzt war, bevor wir es fotografieren konnten, ein schwedenbombiges Erlebnis mit dem ein Ludermagen wie der Meinige kein Problem hatte, heikle M\u00e4gen aber eventuell ins Schleudern bringen kann&#8230;&#8230;&#8230;..<\/span><br \/>\n<span style=\"color: #000000;\"> Jo<\/span><\/p>\n<p><span style=\"color: #000000;\">anfangs eine lehrstunde \u00e1 la fisch:<\/span><br \/>\n<span style=\"color: #000000;\"> buchstaben schl\u00fcrfen und klauben, dazu ein einfaches rechenbeispiel, wie leicht eigentlich kochen sein kann: man nehme 6 liter suppe f\u00fcr 6 personen und alle werden satt.<\/span><br \/>\n<span style=\"color: #000000;\"> eine kulinarische sensation dann der hauptgang: richtig innovativ und kreativ! man k\u00f6nnte meinen, so ein gericht w\u00e4re die deftigkeit in ihrer reinsten form. weit gefehlt! (schwer subjektive meinung, da ich auf kalorien-z\u00e4hlen prinzipiell verzichte): die &#8217;spoas&#8216; wurde locker und flaumig leicht. thunfisch und kern\u00f6l passten geschmacklich ebenso hervorragend wie der dazu gereichte, aus dubiosen s\u00fcdsteirischen quellen stammende, &#8218;heckenklescha&#8216;.<\/span><br \/>\n<span style=\"color: #000000;\"> dieser hatte es aber bez\u00fcglich deftigkeit in sich. schlimme erinnerungen an einen schweren uhudler-rausch l\u00e4ngst vergangener tage wurden wieder wachgerufen.<\/span><br \/>\n<span style=\"color: #000000;\"> nur ein sehr kurzes dasein fristeten die falschen indianer. ein trauriges, wenngleich auch unabwendbares, schicksal eben.<\/span><br \/>\n<span style=\"color: #000000;\"> john<\/span><\/p>\n<p><span style=\"color: #000000;\">A Rindssuppn fia die gscheitn Leit<\/span><br \/>\n<span style=\"color: #000000;\"> mit Buckstobn drin zum Lesn und Schreiben,<\/span><br \/>\n<span style=\"color: #000000;\"> des mocht dem Jo v\u00fcl freit.<\/span><br \/>\n<span style=\"color: #000000;\"> A Thunfisch-Eiaspeis mit Kern\u00f6\u00f6l ausagmocht,<\/span><br \/>\n<span style=\"color: #000000;\"> schen grian und gschmackig,<\/span><br \/>\n<span style=\"color: #000000;\"> de hot da Fisch guat zammenbrocht.<\/span><br \/>\n<span style=\"color: #000000;\"> A folscha Indiana,<\/span><br \/>\n<span style=\"color: #000000;\"> a dicka brauna Klana<\/span><br \/>\n<span style=\"color: #000000;\"> mit am Hauberl aus Instant-Schlog.<\/span><br \/>\n<span style=\"color: #000000;\"> Uia. Tut des guat.<\/span><br \/>\n<span style=\"color: #000000;\"> Uia. Tut des guat.<\/span><br \/>\n<span style=\"color: #000000;\"> rok <\/span><\/p>\n<p><span style=\"color: #000000;\">suppe, obwohl erstmals etwas \u00fcberblieb sehr o.k.<\/span><br \/>\n<span style=\"color: #000000;\"> sch\u00e4tze fish nimmt an, jeder hat den gleich gesegneten appetit wie er.<\/span><br \/>\n<span style=\"color: #000000;\"> eierspeis hervorragend u. trotz der doch sehr grossen thunfischmenge nicht prim\u00e4r nach fisch schmeckend.<\/span><br \/>\n<span style=\"color: #000000;\"> h\u00f6hepunkt des abends der mit spannung erwartete unechte indianer, der, so lecker war, dass aufgrund der geringen halbwertszeit kein foto mehr gemacht werden konnte.<\/span><br \/>\n<span style=\"color: #000000;\"> wojdel<\/span><\/p>\n","protected":false},"excerpt":{"rendered":"<p>&nbsp; &nbsp; &nbsp; &nbsp; &nbsp; &nbsp; men\u00fc &#8222;bubentraum&#8220; (f\u00fcr 5 Personen) Koch: Fisch Gastgeber: John zur begr\u00fcssung eine runde g\u00f6sser gewinnspiel vorspeise buchstabensuppe 2 p\u00e4ckchen recheis buchstaben ,&#8230;<\/p>\n","protected":false},"author":2,"featured_media":0,"parent":504,"menu_order":0,"comment_status":"closed","ping_status":"closed","template":"","meta":{"footnotes":""},"_links":{"self":[{"href":"https:\/\/www.cooksofgrind.org\/v11\/wp-json\/wp\/v2\/pages\/457"}],"collection":[{"href":"https:\/\/www.cooksofgrind.org\/v11\/wp-json\/wp\/v2\/pages"}],"about":[{"href":"https:\/\/www.cooksofgrind.org\/v11\/wp-json\/wp\/v2\/types\/page"}],"author":[{"embeddable":true,"href":"https:\/\/www.cooksofgrind.org\/v11\/wp-json\/wp\/v2\/users\/2"}],"replies":[{"embeddable":true,"href":"https:\/\/www.cooksofgrind.org\/v11\/wp-json\/wp\/v2\/comments?post=457"}],"version-history":[{"count":8,"href":"https:\/\/www.cooksofgrind.org\/v11\/wp-json\/wp\/v2\/pages\/457\/revisions"}],"predecessor-version":[{"id":1026,"href":"https:\/\/www.cooksofgrind.org\/v11\/wp-json\/wp\/v2\/pages\/457\/revisions\/1026"}],"up":[{"embeddable":true,"href":"https:\/\/www.cooksofgrind.org\/v11\/wp-json\/wp\/v2\/pages\/504"}],"wp:attachment":[{"href":"https:\/\/www.cooksofgrind.org\/v11\/wp-json\/wp\/v2\/media?parent=457"}],"curies":[{"name":"wp","href":"https:\/\/api.w.org\/{rel}","templated":true}]}}