{"id":460,"date":"2013-04-13T19:27:12","date_gmt":"2013-04-13T17:27:12","guid":{"rendered":"http:\/\/www.cooksofgrind.org\/v11\/?page_id=460"},"modified":"2018-04-27T09:04:14","modified_gmt":"2018-04-27T07:04:14","slug":"grind-cooking-4","status":"publish","type":"page","link":"https:\/\/www.cooksofgrind.org\/v11\/menus\/grind-cooking-4\/","title":{"rendered":".. grind cooking #4 .."},"content":{"rendered":"<p><img loading=\"lazy\" decoding=\"async\" class=\"alignleft size-full wp-image-683\" alt=\"grind403\" src=\"https:\/\/www.cooksofgrind.org\/v11\/wp-content\/uploads\/grind403.gif\" width=\"118\" height=\"147\" \/> <img loading=\"lazy\" decoding=\"async\" class=\"alignleft size-full wp-image-684\" alt=\"grind404\" src=\"https:\/\/www.cooksofgrind.org\/v11\/wp-content\/uploads\/grind404.gif\" width=\"118\" height=\"148\" \/> <img loading=\"lazy\" decoding=\"async\" class=\"alignleft size-full wp-image-685\" alt=\"grind402\" src=\"https:\/\/www.cooksofgrind.org\/v11\/wp-content\/uploads\/grind402.gif\" width=\"118\" height=\"141\" \/> <img loading=\"lazy\" decoding=\"async\" class=\"alignleft size-full wp-image-686\" alt=\"grind401\" src=\"https:\/\/www.cooksofgrind.org\/v11\/wp-content\/uploads\/grind401.gif\" width=\"118\" height=\"147\" \/><\/p>\n<p>&nbsp;<\/p>\n<p>&nbsp;<\/p>\n<p>&nbsp;<\/p>\n<p>&nbsp;<\/p>\n<p>&nbsp;<\/p>\n<p>&nbsp;<\/p>\n<p><strong><span style=\"color: #000000;\">men\u00fc &#8222;Da Hofa woa&#8217;s&#8220;<\/span><\/strong><br \/>\n<span style=\"color: #000000;\"> (f\u00fcr 5 Personen)<\/span><br \/>\n<span style=\"color: #000000;\"> Koch: Jo<\/span><br \/>\n<span style=\"color: #000000;\"> Gastgeber: Ing. Wojdel<\/span><\/p>\n<p><strong><span style=\"color: #000000;\">Ap\u00e9ritif und Begleitungsgetr\u00e4nk<\/span><\/strong><\/p>\n<p><span style=\"color: #000000;\"> vornehmes &#8222;Landgraf&#8220; Bier<\/span><\/p>\n<p><strong><span style=\"color: #000000;\"> Digestif<\/span><\/strong><\/p>\n<p><span style=\"color: #000000;\">K\u00f6niglicher Weinbrand Marke &#8222;Majest\u00e4t&#8220;<\/span><\/p>\n<p><span style=\"color: #000000;\">Vorspeise K\u00e4se und Cracker<\/span><\/p>\n<p><span style=\"color: #000000;\">1 Block Gouda-K\u00e4se 300g<\/span><br \/>\n<span style=\"color: #000000;\"> 1 Packung TUC Cracker<\/span><\/p>\n<p><span style=\"color: #000000;\">K\u00e4se in beliebige Form zerteilen, auf dekorativem Teller oder Tablett anordnen, dazu die Cracker separat servieren.<\/span><\/p>\n<p><strong><span style=\"color: #000000;\">Hauptspeise Heringsfilet in Sahnesauce mit Erd\u00e4pfeln<\/span><\/strong><\/p>\n<p><span style=\"color: #000000;\">4 Packungen Heringsfilet in Sahnesauce \u00e0 300g, ca. 1 kg Beilagenerd\u00e4pfel<\/span><\/p>\n<p><span style=\"color: #000000;\">Erd\u00e4pfel gut putzen, im gro\u00dfen Topf mit Salzwasser gar kochen und (Tipp!) in der Schale servieren zwecks Kontrastgebung und den N\u00e4hrstoffen in der Schale. Anbei den Fisch ablegen, je nach Gusto etwas weniger als 1 Packung pro Nase.<\/span><br \/>\n<span style=\"color: #000000;\"> Zu beachten ist, dass der Fisch gek\u00fchlt, die Erd\u00e4pfeln aber heiss sein m\u00fcssen, um dem Gaumen sch\u00f6n kalt-warm zu geben.<\/span><\/p>\n<p><strong><span style=\"color: #000000;\">Dessert Apfelkompott<\/span><\/strong><\/p>\n<p><span style=\"color: #000000;\">1-1.5 kg adelige Kronprinz Rudolf (Golden Delicious gehen auch, Hauptsache s\u00e4uerlich), 4dag Zucker, 1 TL Vanillezucker wenn geht mit Bourbonvanille, 2 Zimtstangen und 2 TL Gew\u00fcrznelken.<\/span><\/p>\n<p><span style=\"color: #000000;\">Die \u00c4pfel sch\u00e4len (Tipp: Gem\u00fcsesch\u00e4ler mit Schwingklinge zulegen), mit allen Zutaten im gro\u00dfen Topf weichkochen, f\u00fcr Spezialisten und solche, die es noch werden wollen, warm servieren, sonst ausk\u00fchlen lassen (Tipp: im Winter einfach vor die T\u00fcr, aufs Fensterbankl oder in den Schnee stellen &#8211; zudecken, um Tierattacken vorzubeugen; nicht in den K\u00fchlschrank-Abtaugefahr!).<\/span><\/p>\n<p><strong><span style=\"color: #000000;\">Kritiken:<\/span><\/strong><\/p>\n<p><span style=\"color: #000000;\"> eine der beste veranstaltung bisher. einerseits wegen der vielfalt an optischen eindr\u00fccken, hervorgerufen durch diese unglaubliche vielfalt an kuriosit\u00e4ten und acsesours die uns im keller des gatgebers erwarteten. dieser geschmacklichen gradwanderung, immer pr\u00e4zise am scheitelpunkt zwischen freakiger vereinnahmung der \u00f6sterreichischen hausfrauenidyle und abgleiten in die niederungen geschmacklicher pestilenz. andererseits durch die, sich in diesem umfeld entwickelnden gespr\u00e4chsthemen. die m\u00fchsal und verg\u00e4nglichkeit der menschlichen existenz. beispielhaft dargetellt anhand von erfahrungsberichten aus dem harten alltag eines ehemaligen &#8222;t\u00e4glich alles&#8220; fotoreporters, und den zivildiensterlebnissen eines gourmets mit affinit\u00e4t zum exodus. das gericht war da nur mehr s\u00e4ttigendes beiwerk .<\/span><br \/>\n<span style=\"color: #000000;\"> er\u00f6ffnet von seiner gnaden johannes dem 23 ,abgerundet durch ein vorz\u00fcgliches apfelkompott und abgeschlossen durch sein majest\u00e4t. dank geb\u00fchrt koch jo und dem gastgeber hr. wojdel<\/span><br \/>\n<span style=\"color: #000000;\"> Fisch<\/span><\/p>\n<p><span style=\"color: #000000;\">Herr der Winde<\/span><br \/>\n<span style=\"color: #000000;\"> Die idee eine vorspeise die gleichzeitig nachspeise ist zu servieren muss ich als sehr gelungen bezeichnen<\/span><br \/>\n<span style=\"color: #000000;\"> die interessante heiss- kalt kombination der hauptspeise war f\u00fcr mich etwas ungewohnt aber durchaus delizioes.<\/span><br \/>\n<span style=\"color: #000000;\"> in kombination mit dem warmen apfelkompott als erstes dessert waren aber die grenzen der guten verdaulichkeit f\u00fcr meinen magen erreicht. da konnte auch ihre majest\u00e4t der weinbrand nicht mehr helfen. sehr zu loben die bierwahl. fest der pferde<\/span><br \/>\n<span style=\"color: #000000;\"> st\u00f6ger ist dabei. alles in allem ein f\u00fcr herausragende flatulenzen sorgendes schnellmen\u00fc, das in rekordzeit auf den tisch gelangt.<\/span><br \/>\n<span style=\"color: #000000;\"> spezielle wojdel<\/span><\/p>\n<p><span style=\"color: #000000;\"> nach den opulenten men\u00fcs der vorigen wochen gab sich jo diesmal weniger deftig (mein magen dankt!). k\u00e4se er\u00f6ffnete diesen kulinarisch virtuosen abend. Ein bravourst\u00fcck die vorz\u00fcgliche heringsfilet-kartoffel komposition (hab ich etwa den beginn der fastenzeit vers\u00e4umt?). richtig genugtuend f\u00fcr meinen in den letzten wochen schwer beanspruchten verdauungsapparat\u00a0war das abschlie\u00dfende, lauwarme apfelkompott. oma h\u00e4tt\u00b4s nicht besser k\u00f6nnen. zusammenfassend eigentlich das richtige men\u00fc f\u00fcr ein bewerbungsschreiben an die di\u00e4tk\u00fcche des geriatrischen krankenhauses, w\u00e4re da nicht die f\u00fcrstliche, schwer in richtung dekadenz abdriftende, getr\u00e4nkeauswahl. Ein gro\u00dfes lob geb\u00fchrt auch gastgeber woidl f\u00fcr den eindrucksvollen rahmen dieser veranstaltung. wir warten daher alle bereits sehnlichst darauf, dass max, der ob der vielen kleinen gimmicks wieder mal v\u00f6llig aus dem h\u00e4uschen war, endlich mit seinem umfangreichen doku-bildmaterial rausr\u00fcckt.<\/span><br \/>\n<span style=\"color: #000000;\"> john<\/span><\/p>\n<p><span style=\"color: #000000;\">\u00a0<\/span><\/p>\n","protected":false},"excerpt":{"rendered":"<p>&nbsp; &nbsp; &nbsp; &nbsp; &nbsp; &nbsp; men\u00fc &#8222;Da Hofa woa&#8217;s&#8220; (f\u00fcr 5 Personen) Koch: Jo Gastgeber: Ing. Wojdel Ap\u00e9ritif und Begleitungsgetr\u00e4nk vornehmes &#8222;Landgraf&#8220; Bier Digestif K\u00f6niglicher Weinbrand Marke&#8230;<\/p>\n","protected":false},"author":2,"featured_media":0,"parent":504,"menu_order":0,"comment_status":"closed","ping_status":"closed","template":"","meta":{"footnotes":""},"_links":{"self":[{"href":"https:\/\/www.cooksofgrind.org\/v11\/wp-json\/wp\/v2\/pages\/460"}],"collection":[{"href":"https:\/\/www.cooksofgrind.org\/v11\/wp-json\/wp\/v2\/pages"}],"about":[{"href":"https:\/\/www.cooksofgrind.org\/v11\/wp-json\/wp\/v2\/types\/page"}],"author":[{"embeddable":true,"href":"https:\/\/www.cooksofgrind.org\/v11\/wp-json\/wp\/v2\/users\/2"}],"replies":[{"embeddable":true,"href":"https:\/\/www.cooksofgrind.org\/v11\/wp-json\/wp\/v2\/comments?post=460"}],"version-history":[{"count":8,"href":"https:\/\/www.cooksofgrind.org\/v11\/wp-json\/wp\/v2\/pages\/460\/revisions"}],"predecessor-version":[{"id":689,"href":"https:\/\/www.cooksofgrind.org\/v11\/wp-json\/wp\/v2\/pages\/460\/revisions\/689"}],"up":[{"embeddable":true,"href":"https:\/\/www.cooksofgrind.org\/v11\/wp-json\/wp\/v2\/pages\/504"}],"wp:attachment":[{"href":"https:\/\/www.cooksofgrind.org\/v11\/wp-json\/wp\/v2\/media?parent=460"}],"curies":[{"name":"wp","href":"https:\/\/api.w.org\/{rel}","templated":true}]}}