{"id":471,"date":"2013-04-13T19:26:07","date_gmt":"2013-04-13T17:26:07","guid":{"rendered":"http:\/\/www.cooksofgrind.org\/v11\/?page_id=471"},"modified":"2018-04-27T09:04:49","modified_gmt":"2018-04-27T07:04:49","slug":"grind-cooking-6","status":"publish","type":"page","link":"https:\/\/www.cooksofgrind.org\/v11\/menus\/grind-cooking-6\/","title":{"rendered":".. grind cooking #6 .."},"content":{"rendered":"<p><img loading=\"lazy\" decoding=\"async\" class=\"alignleft size-full wp-image-695\" alt=\"grind605\" src=\"https:\/\/www.cooksofgrind.org\/v11\/wp-content\/uploads\/grind605.gif\" width=\"120\" height=\"146\" \/> <img loading=\"lazy\" decoding=\"async\" class=\"alignleft size-full wp-image-696\" alt=\"grind608\" src=\"https:\/\/www.cooksofgrind.org\/v11\/wp-content\/uploads\/grind608.gif\" width=\"120\" height=\"146\" \/> <img loading=\"lazy\" decoding=\"async\" class=\"alignleft size-full wp-image-697\" alt=\"grind607\" src=\"https:\/\/www.cooksofgrind.org\/v11\/wp-content\/uploads\/grind607.gif\" width=\"120\" height=\"135\" \/> <img loading=\"lazy\" decoding=\"async\" class=\"alignleft size-full wp-image-698\" alt=\"grind606\" src=\"https:\/\/www.cooksofgrind.org\/v11\/wp-content\/uploads\/grind606.gif\" width=\"120\" height=\"144\" \/><\/p>\n<p>&nbsp;<\/p>\n<p>&nbsp;<\/p>\n<p>&nbsp;<\/p>\n<p>&nbsp;<\/p>\n<p>&nbsp;<\/p>\n<p>&nbsp;<\/p>\n<p><strong><span style=\"color: #000000;\">men\u00fc &#8222;Max on speed\u201c<\/span><\/strong><br \/>\n<span style=\"color: #000000;\"> (f\u00fcr 6 personen)<\/span><br \/>\n<span style=\"color: #000000;\"> Koch: Max<\/span><br \/>\n<span style=\"color: #000000;\"> Gastgeber: rok<\/span><\/p>\n<p><strong><span style=\"color: #000000;\"> eintropfsuppe-schoarf<\/span><\/strong><\/p>\n<p><span style=\"color: #000000;\">2 eier<\/span><br \/>\n<span style=\"color: #000000;\"> mehl<\/span><br \/>\n<span style=\"color: #000000;\"> knoblauchzehen 2 stk<\/span><br \/>\n<span style=\"color: #000000;\"> chili in welcher form auch immer<\/span><br \/>\n<span style=\"color: #000000;\"> suppengr\u00fcn<\/span><br \/>\n<span style=\"color: #000000;\"> suppenw\u00fcrfel<\/span><br \/>\n<span style=\"color: #000000;\"> topf mit wasser<\/span><\/p>\n<p><span style=\"color: #000000;\">suppengr\u00fcn kochen, 2 suppenw\u00fcrfel hinzuf\u00fcgen, eventuell noch salzen. suppengr\u00fcn im ganzen oder gehackt kochen, bleibt dem koch \u00fcberlassen<\/span><br \/>\n<span style=\"color: #000000;\"> eidotter vom eigelb trennen. eigelb findet keine weiter verwendung. eidotter mit mehl zu einem brei r\u00fchren, knoblauchzehen und chili hinzuf\u00fcgen. w\u00e4hrend der letzten 5 kochminuten den brei einr\u00fchren. gesamte kochzeit rund 20 minuten. fertig<\/span><\/p>\n<p><strong><span style=\"color: #000000;\">eitrige auf w\u00fcdreis<\/span><\/strong><\/p>\n<p><span style=\"color: #000000;\">k\u00e4sekrainer im plastik a 4 stk<\/span><br \/>\n<span style=\"color: #000000;\"> wildreis langkorn<\/span><br \/>\n<span style=\"color: #000000;\"> rosinen<\/span><br \/>\n<span style=\"color: #000000;\"> mandelsplitter<\/span><br \/>\n<span style=\"color: #000000;\"> mehl<\/span><\/p>\n<p><span style=\"color: #000000;\">reis nach anleitung auf der packung kochen, mit chili salz und beliebigen indischen gew\u00fcrzen w\u00fcrzen, in diesen fall eine currygew\u00fcrzmischung.<\/span><br \/>\n<span style=\"color: #000000;\"> wenn das wasser fast verdunstet ist werden die rosinen und die mandelsplitter hinzugef\u00fcgt, besser sp\u00e4ter als fr\u00fcher. wenn man lust hat kann man am schluss den reis mit etwas butter anbraten.<\/span><\/p>\n<p><span style=\"color: #000000;\">k\u00e4sekrainer aus plastikfolien nehmen, k\u00e4sekrainer waschen und in mehl w\u00e4lzen, zart einschneiden und auf den griller legen. griller auf h\u00f6chster stufe 1 min vorgeheizt. mehrmals wenden, wenn der k\u00e4se aus allen l\u00f6chern rinnt k\u00e4sekrainer vom grill nehmen. wildreis mit k\u00e4sekrainer delikat anrichten. fantasievolles anrichten begl\u00fcckt das auge.<\/span><\/p>\n<p><strong><span style=\"color: #000000;\">oapflkompott mit an schlog<\/span><\/strong><\/p>\n<p><span style=\"color: #000000;\">\u00e4pfel<\/span><br \/>\n<span style=\"color: #000000;\"> topf mit wasser<\/span><br \/>\n<span style=\"color: #000000;\"> zimt<\/span><br \/>\n<span style=\"color: #000000;\"> schlagschaum<\/span><br \/>\n<span style=\"color: #000000;\"> zitronens\u00e4ure<\/span><br \/>\n<span style=\"color: #000000;\"> zucker<\/span><\/p>\n<p><span style=\"color: #000000;\">\u00e4pfel im topf kochen, wassermenge kann variieren, eine handvoll zucker beigeben, einen tee-bis essl\u00f6ffel zimtpulver und zitronens\u00e4ure aus plastikflascherl anst\u00e4ndig einr\u00fchren. schlagschaum aus packerl nehmen und in 1\/8 wasser steif schlagen.<\/span><\/p>\n<p><span style=\"color: #000000;\">serviervorschlag: kompott mit schlagschaum vermengt auf den tisch stellen.<\/span><\/p>\n<p><strong><span style=\"color: #000000;\">getr\u00e4nk<\/span><\/strong><br \/>\n<span style=\"color: #000000;\"> dicksaft im verh\u00e4ltnis 1:2 oder 1:5 oder 1:7 gemischt eiskalt servieren.<\/span><\/p>\n<p><strong><span style=\"color: #000000;\">kritiken:<\/span><\/strong><\/p>\n<p><span style=\"color: #000000;\"> Die Eintropfsuppe habe ich leider mit etwas Versp\u00e4tung genossen, daf\u00fcr umso intensiver (Knoblauch). Interessant war die Kombination aus Eintropf und besagtem Knoblauch, f\u00fcr mich etwas Neues, aber sehr gelungen und geschmacklich ausgezeichnet.<\/span><br \/>\n<span style=\"color: #000000;\"> Beim Hauptgang, erwischte ich leider nur eine Wurst, somit kann ich den Reis leider nicht beurteilen. Die Zubereitung der Wurst in derBratpfanne ist auch eher selten (Standard = Wasserbad), doch dadurch erf\u00e4hrt die Wurst etwas mehr Knackigkeit. Der passend servierte englische Senf rundete diesen Gang hervoragend ab.<\/span><br \/>\n<span style=\"color: #000000;\"> Als Nachspeise kredenzte uns Max das allseits beliebte Apfelkompott (besonders geliebt von einigen Wassertieren in unserer Runde), welches leider mangels Milch f\u00fcr das H\u00e4ubchen und Mischtechnik a la Rok zum Waterloo dieses Abends f\u00fchrte. Den Koch trifft keine Schuld, aber wenn Firma Oetker glaubt Blendi-Vanille in Pulverform als Sahne verkaufen zu m\u00fcssen, hat dieses Produkt bei k\u00fcnftigen Sitzungen nichts mehr verloren. Bewundernswert war auch das Tempo von Max, im Gro\u00dfen und Ganzen ein gelungenes Men\u00fc mit nettem musikalischen Ausklang.<\/span><br \/>\n<span style=\"color: #000000;\"> fozzey<\/span><\/p>\n<p><span style=\"color: #000000;\"> blitzkochen mit max<\/span><br \/>\n<span style=\"color: #000000;\"> hat der mensch wirklich so viel zu tun ? oder war das der neueste schm\u00e4h um sich vor den etwaigen sp\u00e4tfolgen der eigenen creation zu sch\u00fctzen? jedenfalls war koch max nach nur 40 min mit allen drei g\u00e4ngen durch und ohne auch nur einen bissen zu essen auch schon wieder weg.<\/span><br \/>\n<span style=\"color: #000000;\"> dabei ist ihm bis auf die nachspeis eh alles delikat gelungen.<\/span><br \/>\n<span style=\"color: #000000;\"> eintropfsupperl mit extra sch\u00e4rfe und die klassische eitrige in einer wunderbaren kombination mit wildreis. nun zur nachspeis &#8211; das war mit sicherheit die erste wirkliche niederlage der bisherigen grindcooking-reihe. w\u00e4re da nicht im anschluss ans essen ein gemeinschaftlicher fernsehabend mit der songcontest-vorauscheidung am programm gestanden , wir alle w\u00e4ren ungl\u00fccklich von dannen gezogen.der junge t\u00fcrkischst\u00e4mmige kanditat aus dem l\u00e4ndle hat uns aber f\u00fcr alles entsch\u00e4digt. also meine herren nie wieder apfelkompott mit sahneersatz bitte.<\/span><br \/>\n<span style=\"color: #000000;\"> fisch <\/span><\/p>\n<p><span style=\"color: #000000;\"> nachdem die kulinarischen leistungen der letzten wochen bereits versucht haben ein deutliches zeichen richtung haubenk\u00fcche zu setzen, pr\u00e4sentierte Max uns seine pers\u00f6nliche auffassung des grindcookings: &#8222;kommt \u00fcbermut, kommt auch schande, doch bei den bescheidenen ist weisheit&#8220;. bescheiden war allerdings nicht das tempo der max\u00b4schen k\u00fcche. wer in 45 minuten ein 3 g\u00e4ngiges men\u00fc zu zaubern versteht, dem geb\u00fchrt respekt. verst\u00e4ndnis an der (verd\u00e4chtigen) bescheidenheit des koches ob der nicht-teilnahme an der verk\u00f6stigung kam sp\u00e4testens beim dessert auf. die vorspeise fiel durch ihre wenig subtile gew\u00fcrzgebung auf. anfangs noch schmackhaft und unaufdringlich, wurde mir die tragweite der vielen gepressten knoblauchzehen erst bei den letzten l\u00f6fflern bewusst. zuwenig auftrieb, archimedes l\u00e4sst gr\u00fc\u00dfen. als gelungen kann man die interessante zusammenstellung des hauptgerichtes bezeichnen. das abschlie\u00dfende apfelkompott fand grossteils, trotz gr\u00f6\u00dfter anstrengungen, nicht seinen weg in die m\u00e4gen der gourmets. mitschuld daran war sicher auch der \u00fcbermut von Rok, der das schwer zimtige kompott mit einer hohen schicht von schlag zudeckte und damit angesichts der fatalen konsistenz des schlages jeden weiteren genuss des kompottes verhinderte. eine genauere geschmacksanalyse dieser substanz widerstrebt mir immer noch. stelle f\u00fcr weitere solche aktionen einen fake cum contest zur diskussion.<\/span><br \/>\n<span style=\"color: #000000;\"> john<\/span><\/p>\n<p><span style=\"color: #000000;\"> Max im Minus<\/span><br \/>\n<span style=\"color: #000000;\"> &#8212; Termin-, Zeit-, Geld- Arbeitsdruck. Stopp. Dazwischen manisches Grindkochen. Stopp. Kunde wartet. Stopp. Schneiden, raspeln, hobeln, eintropfen, r\u00fchren, schneiden, w\u00fcrzen und wieder r\u00fchren. Die K\u00fcche ausreizen, auslasten. \u00dcberschwemmen. Stopp. Hektisch angerichtet und zugleich schon abgelichtet. Stopp. That`s Rock`n Roll. Zum Essen keine Zeit. &#8212;<\/span><br \/>\n<span style=\"color: #000000;\"> Dann die Kritiker unter sich. Stille. Und alle Aufregung zerflie\u00dft im Schlagerhimmel des Songcontests.<\/span><br \/>\n<span style=\"color: #000000;\"> Zum Schmaus: Eingetropftes sehr w\u00fcrzig scharf. Wildreis s\u00fc\u00df und wild wie ein Hausk\u00e4tzchen. K\u00e4sekrainer kurz und saftig angebraten. Apfelkompott mit Zimtpulverw\u00fcrze etwas penetrant. Gesalzener Pulverschlag ohne Milch und handgeschlagen nichtssagend. Optisch &#8211; dank meines \u00dcbermuts &#8211; etwas von Rasierschaum auf brauner So\u00dfe.<\/span><br \/>\n<span style=\"color: #000000;\"> rok<\/span><\/p>\n<p><span style=\"color: #000000;\">Fast cookin`<\/span><br \/>\n<span style=\"color: #000000;\"> schlage vor max als fernsehkoch einzusetzen, denn er ist der einzige der in 30 min ohne tricks ein dreigangmen\u00fc zustandebringt, wenn auch die konsumierbarkeit teilweise zu w\u00fcnschen \u00fcbrig l\u00e4sst.nach der eintropfsuppe war auf jeden fall vampirangst f\u00fcr die n\u00e4chsten tage unbegr\u00fcndet. hauptgang war schwer o.k. vor allem aufgrund der kombination bausch\u00f6pfer \/ \u00f6kotussi. das dessert muss ich aber als ungenie\u00dfbar aburteilen.<\/span><br \/>\n<span style=\"color: #000000;\"> der pulverschlag von oetker wird von mir auf ewig vom grindcookingtisch verbannt.<\/span><br \/>\n<span style=\"color: #000000;\"> wojdel<\/span><\/p>\n","protected":false},"excerpt":{"rendered":"<p>&nbsp; &nbsp; &nbsp; &nbsp; &nbsp; &nbsp; men\u00fc &#8222;Max on speed\u201c (f\u00fcr 6 personen) Koch: Max Gastgeber: rok eintropfsuppe-schoarf 2 eier mehl knoblauchzehen 2 stk chili in welcher form&#8230;<\/p>\n","protected":false},"author":2,"featured_media":0,"parent":504,"menu_order":0,"comment_status":"closed","ping_status":"closed","template":"","meta":{"footnotes":""},"_links":{"self":[{"href":"https:\/\/www.cooksofgrind.org\/v11\/wp-json\/wp\/v2\/pages\/471"}],"collection":[{"href":"https:\/\/www.cooksofgrind.org\/v11\/wp-json\/wp\/v2\/pages"}],"about":[{"href":"https:\/\/www.cooksofgrind.org\/v11\/wp-json\/wp\/v2\/types\/page"}],"author":[{"embeddable":true,"href":"https:\/\/www.cooksofgrind.org\/v11\/wp-json\/wp\/v2\/users\/2"}],"replies":[{"embeddable":true,"href":"https:\/\/www.cooksofgrind.org\/v11\/wp-json\/wp\/v2\/comments?post=471"}],"version-history":[{"count":8,"href":"https:\/\/www.cooksofgrind.org\/v11\/wp-json\/wp\/v2\/pages\/471\/revisions"}],"predecessor-version":[{"id":1027,"href":"https:\/\/www.cooksofgrind.org\/v11\/wp-json\/wp\/v2\/pages\/471\/revisions\/1027"}],"up":[{"embeddable":true,"href":"https:\/\/www.cooksofgrind.org\/v11\/wp-json\/wp\/v2\/pages\/504"}],"wp:attachment":[{"href":"https:\/\/www.cooksofgrind.org\/v11\/wp-json\/wp\/v2\/media?parent=471"}],"curies":[{"name":"wp","href":"https:\/\/api.w.org\/{rel}","templated":true}]}}