{"id":479,"date":"2013-04-13T19:25:25","date_gmt":"2013-04-13T17:25:25","guid":{"rendered":"http:\/\/www.cooksofgrind.org\/v11\/?page_id=479"},"modified":"2018-04-27T09:05:09","modified_gmt":"2018-04-27T07:05:09","slug":"grind-cooking-8","status":"publish","type":"page","link":"https:\/\/www.cooksofgrind.org\/v11\/menus\/grind-cooking-8\/","title":{"rendered":".. grind cooking #8 .."},"content":{"rendered":"<p><img loading=\"lazy\" decoding=\"async\" class=\"alignleft size-full wp-image-707\" alt=\"grind803\" src=\"https:\/\/www.cooksofgrind.org\/v11\/wp-content\/uploads\/grind803.gif\" width=\"120\" height=\"145\" \/> <img loading=\"lazy\" decoding=\"async\" class=\"alignleft size-full wp-image-708\" alt=\"grind802\" src=\"https:\/\/www.cooksofgrind.org\/v11\/wp-content\/uploads\/grind802.gif\" width=\"120\" height=\"149\" \/> <img loading=\"lazy\" decoding=\"async\" class=\"alignleft size-full wp-image-709\" alt=\"grind801\" src=\"https:\/\/www.cooksofgrind.org\/v11\/wp-content\/uploads\/grind801.gif\" width=\"118\" height=\"142\" \/><\/p>\n<p>&nbsp;<\/p>\n<p>&nbsp;<\/p>\n<p>&nbsp;<\/p>\n<p>&nbsp;<\/p>\n<p>&nbsp;<\/p>\n<p>&nbsp;<\/p>\n<p><strong><span style=\"color: #000000;\">men\u00fc &#8222;susanne riess&#8220;<\/span><\/strong><\/p>\n<p><span style=\"color: #000000;\"> (f\u00fcr 6 Personen)<\/span><br \/>\n<span style=\"color: #000000;\"> Koch: rok<\/span><br \/>\n<span style=\"color: #000000;\"> Gastgeber: John<\/span><\/p>\n<p><strong><span style=\"color: #000000;\">Aperitif<\/span><\/strong><br \/>\n<span style=\"color: #000000;\"> Stamperl Eierlik\u00f6r<\/span><\/p>\n<p><strong><span style=\"color: #000000;\">Vorspeise Saure Presswurst<\/span><\/strong><\/p>\n<p><span style=\"color: #000000;\">6 Scheiben Presswurst<\/span><br \/>\n<span style=\"color: #000000;\"> 3 Zwiebel<\/span><br \/>\n<span style=\"color: #000000;\"> Kern\u00f6l<\/span><br \/>\n<span style=\"color: #000000;\"> Aceto Balsamico<\/span><br \/>\n<span style=\"color: #000000;\"> Salz<\/span><br \/>\n<span style=\"color: #000000;\"> Pfeffer<\/span><\/p>\n<p><span style=\"color: #000000;\">D\u00fcnne Scheiben Presswurst auf Teller anrichten, dar\u00fcber die zu Ringerl geschnittenen Zwieberl verteilen und mit der Marinade aus Kern\u00f6l, Essig, Salz und Pfeffer garnieren.<\/span><\/p>\n<p><strong><span style=\"color: #000000;\">Hauptspeise Eiernockerl mit Spinat<\/span><\/strong><\/p>\n<p><span style=\"color: #000000;\">2 Packungen Cremespinat<\/span><br \/>\n<span style=\"color: #000000;\"> 1\/4 l Milch<\/span><br \/>\n<span style=\"color: #000000;\"> 250g Mehl<\/span><br \/>\n<span style=\"color: #000000;\"> Wasser<\/span><br \/>\n<span style=\"color: #000000;\"> 6 Eier<\/span><br \/>\n<span style=\"color: #000000;\"> Gew\u00fcrze<\/span><br \/>\n<span style=\"color: #000000;\"> \u00d6l<\/span><\/p>\n<p><span style=\"color: #000000;\">Cremespinat-Bl\u00f6cke in 1\/4 Milch auftauen bzw. erhitzen. Tipp: \u00d6fters umr\u00fchren und wirklich kleine Hitze, damit das Zeug nicht anbrennt. Nockerl-Teig aus Mehl und Gew\u00fcrzen (Salz, Pfeffer, Kreuzk\u00fcmmel, Basilikum, Oregano, &#8230;) und Wasser in Plastikgef\u00e4\u00df produzieren. Dabei auf die richtige Form achten: Nicht zu gatschig, aber auch nicht zu staubig, trocken. Dann Wasser in Topf zum Kochen bringen und die mit dem Suppenl\u00f6ffel geformten Nockerln reingeben. Tipp: L\u00f6ffel nass machen, damit der Teig nicht picken bleibt. Wenn die Nockerl oben schwimmen sind sie fertig und man kann sie abseihen. Dann wenig \u00d6l in einer Pfanne erhitzen. Nockerl rein und Eier dr\u00fcberschlagen. Die Masse umr\u00fchren bis Eier bzw. Nockerln sch\u00f6n fest sind.<\/span><\/p>\n<p><strong><span style=\"color: #000000;\">Nachspeise Powidl in Sauermilch<\/span><\/strong><\/p>\n<p><span style=\"color: #000000;\">Powidl (empfehle die von Spar)<\/span><br \/>\n<span style=\"color: #000000;\"> 2-3 Viertelliter Sauermilch<\/span><\/p>\n<p><span style=\"color: #000000;\">Powidl in Becher geben. Mit Sauermilch aufgie\u00dfen. Tipp: Nicht umr\u00fchren, sondern L\u00f6fferl beigeben, damit der Gast je nach Lust und Laune den Vermischungsgrad festlegen kann.<\/span><\/p>\n<p><strong><span style=\"color: #000000;\">kritiken:<\/span><\/strong><\/p>\n<p><span style=\"color: #000000;\">Wie schon bei meinem Men\u00fc machte sich auch hier die \u00f6sterliche Vorfreude in Form von Eiern bemerkbar. Saures Sulz mit Eierlik\u00f6r ist wahrlich ein kulinarischer H\u00f6hepunkt, wer h\u00e4tte das gedacht. Eigentlich bin ich kein Freund dieser beiden Zutaten, aber Rok schaffte es, uns alle zu begeistern. Auch der Hauptgang, Eiernockerl mit Spinat war hervoragend, einfach und schnell zubereitet, doch mit h\u00f6chstem S\u00e4ttigunsgrad. Der Wei\u00dfwein lie\u00df qualitativ und quantitativ etwas zu w\u00fcnschen \u00fcbrig. Doch zum Abschluss holte Rok noch alle Asse aus dem \u00c4rmel. Powil mit Sauermilch wird keiner so schnell vergessen. Geschmacklich erstklassig, interessante Kobination und die M\u00f6glichkeit das Mischverh\u00e4ltnis selbst zu bestimmen sprechen f\u00fcr sich. Im Gro\u00dfen und Ganzen ein gelungener Abend mit gutem Koch und guter Musik.<\/span><br \/>\n<span style=\"color: #000000;\"> fozzey<\/span><\/p>\n<p><span style=\"color: #000000;\">Speed Cooking<\/span><br \/>\n<span style=\"color: #000000;\"> Wieder mal ein H\u00e4rtetest, die Geschmacksknospen fuhren Achterbahn bei Koch Roman, der auf unseren Gaumen wie auf einer Teufelsgeige spielte. S\u00fc\u00dfer Eierlik\u00f6r gefolgt von Zwiebeln mit Sulz im Verh\u00e4ltnis 3:1 (wahrscheinlich wegen der Fastenzeit) zum Aufw\u00e4rmen, dann in bemerkenswertem Tempo der Hauptgang, der vor allem mit dem attraktiven Preis-S\u00e4ttigungsverh\u00e4ltnis trumpfte . Ebenso das Dessert, lecker und extravagant, mit dem individuell einstellbaren Powidlfaktor und Wellnesseffekt, bem\u00fcht, die mitgenommenen M\u00e4gen wieder einzurenken, was bei mir nur teilweise gelang. Spannend aber allemal, weiter so!<\/span><br \/>\n<span style=\"color: #000000;\"> Jo<\/span><\/p>\n<p><span style=\"color: #000000;\">ja, ich k\u00f6nnte wieder den n\u00f6rgelnden kritikfetischisten und spitzfindigen gourmet raush\u00e4ngen lassen und irgendwas \u00fcber die in der marinade schwer zu findende pre\u00dfwurst daherphilosophieren oder die konsistenz der eiernockerln beanstanden. stattdessen m\u00f6chte ich aber die sch\u00f6pfung des herrn loben und seinen getreuen diener Rok preisen. welch wunderbare farbenpracht uns diesmal offeriert wurde!<\/span><br \/>\n<span style=\"color: #000000;\"> anfangs das intensiv schimmernde schwarz-gr\u00fcne kern\u00f6l, dazu das kontrastgebende, fette gelb des eierlik\u00f6rs. weiters ein saftig-moosgr\u00fcner spinat und als dessert ein dunkel-violetter powidl, welcher durch die mischung mit der sauermilch eine wunderbare veilchen-f\u00e4rbung erhielt, mindestens so sch\u00f6n wie der sonnt\u00e4gliche ausw\u00e4rtssieg der wiener veilchen gegen einen nicht so unbekannten steirischen provinzklub.<\/span><br \/>\n<span style=\"color: #000000;\"> m\u00f6ge der fr\u00fchling beginnen!<\/span><br \/>\n<span style=\"color: #000000;\"> john<\/span><\/p>\n<p><span style=\"color: #000000;\">superdeftig deftig leicht, das ist anscheinend der rhythmus der rok-menues. wie schon das letzte mal war die vorspeise eindeutig am h\u00e4rtesten, auch was die kombination (saure sulz-eierlikoer) betrifft. etwas leichter dann die hauptspeise obwohl cholesterinmaessig noch immer on top. das dessert fru fru a la rok war auf jeden fall ein leckerer und vers\u00f6hnlicher abschluss.<\/span><br \/>\n<span style=\"color: #000000;\"> wojdel<\/span><\/p>\n","protected":false},"excerpt":{"rendered":"<p>&nbsp; &nbsp; &nbsp; &nbsp; &nbsp; &nbsp; men\u00fc &#8222;susanne riess&#8220; (f\u00fcr 6 Personen) Koch: rok Gastgeber: John Aperitif Stamperl Eierlik\u00f6r Vorspeise Saure Presswurst 6 Scheiben Presswurst 3 Zwiebel Kern\u00f6l&#8230;<\/p>\n","protected":false},"author":2,"featured_media":0,"parent":504,"menu_order":0,"comment_status":"closed","ping_status":"closed","template":"","meta":{"footnotes":""},"_links":{"self":[{"href":"https:\/\/www.cooksofgrind.org\/v11\/wp-json\/wp\/v2\/pages\/479"}],"collection":[{"href":"https:\/\/www.cooksofgrind.org\/v11\/wp-json\/wp\/v2\/pages"}],"about":[{"href":"https:\/\/www.cooksofgrind.org\/v11\/wp-json\/wp\/v2\/types\/page"}],"author":[{"embeddable":true,"href":"https:\/\/www.cooksofgrind.org\/v11\/wp-json\/wp\/v2\/users\/2"}],"replies":[{"embeddable":true,"href":"https:\/\/www.cooksofgrind.org\/v11\/wp-json\/wp\/v2\/comments?post=479"}],"version-history":[{"count":9,"href":"https:\/\/www.cooksofgrind.org\/v11\/wp-json\/wp\/v2\/pages\/479\/revisions"}],"predecessor-version":[{"id":1028,"href":"https:\/\/www.cooksofgrind.org\/v11\/wp-json\/wp\/v2\/pages\/479\/revisions\/1028"}],"up":[{"embeddable":true,"href":"https:\/\/www.cooksofgrind.org\/v11\/wp-json\/wp\/v2\/pages\/504"}],"wp:attachment":[{"href":"https:\/\/www.cooksofgrind.org\/v11\/wp-json\/wp\/v2\/media?parent=479"}],"curies":[{"name":"wp","href":"https:\/\/api.w.org\/{rel}","templated":true}]}}