{"id":504,"date":"2013-04-13T19:33:25","date_gmt":"2013-04-13T17:33:25","guid":{"rendered":"http:\/\/www.cooksofgrind.org\/v11\/?page_id=504"},"modified":"2018-04-27T09:27:16","modified_gmt":"2018-04-27T07:27:16","slug":"menus","status":"publish","type":"page","link":"https:\/\/www.cooksofgrind.org\/v11\/menus\/","title":{"rendered":"men\u00fcs"},"content":{"rendered":"<p>Men\u00fcs<\/p>\n<p><a title=\".. grind-cooking #1 ..\" href=\"https:\/\/www.cooksofgrind.org\/v11\/grind-cooking-1\/\"><img loading=\"lazy\" decoding=\"async\" class=\"alignleft size-full wp-image-637\" src=\"https:\/\/www.cooksofgrind.org\/v11\/wp-content\/uploads\/preview01.jpg\" alt=\"preview01\" width=\"80\" height=\"90\"><\/a><\/p>\n<p>&nbsp;<\/p>\n<p><a title=\".. grind-cooking #1 ..\" href=\"https:\/\/www.cooksofgrind.org\/v11\/grind-cooking-1\/\">.. grind-cooking #1 ..&nbsp;<\/a> gala dinner ohne eis und ohne fleisch<\/p>\n<p>&nbsp;<\/p>\n<p>&nbsp;<\/p>\n<p><a title=\".. grind cooking #2 ..\" href=\"https:\/\/www.cooksofgrind.org\/v11\/grind-cooking-2\/\"><img loading=\"lazy\" decoding=\"async\" class=\"alignleft size-full wp-image-639\" src=\"https:\/\/www.cooksofgrind.org\/v11\/wp-content\/uploads\/preview02.jpg\" alt=\"preview02\" width=\"80\" height=\"90\"><\/a><\/p>\n<p>&nbsp;<\/p>\n<p><a title=\".. grind cooking #2 ..\" href=\"https:\/\/www.cooksofgrind.org\/v11\/grind-cooking-2\/\">.. grind cooking #2 ..&nbsp;<\/a> men\u00fc &#8222;Patrick Ortlieb&#8220;<\/p>\n<p>&nbsp;<\/p>\n<p>&nbsp;<\/p>\n<p><img loading=\"lazy\" decoding=\"async\" class=\"alignleft size-full wp-image-640\" src=\"https:\/\/www.cooksofgrind.org\/v11\/wp-content\/uploads\/preview03.jpg\" alt=\"preview03\" width=\"80\" height=\"90\"><\/p>\n<p>&nbsp;<\/p>\n<p><a title=\".. grind cooking #3 ..\" href=\"https:\/\/www.cooksofgrind.org\/v11\/grind-cooking-3\/\">.. grind cooking #3 ..<\/a>&nbsp; men\u00fc &#8222;bubentraum&#8220;<\/p>\n<p>&nbsp;<\/p>\n<p>&nbsp;<\/p>\n<p><a title=\".. grind cooking #4 ..\" href=\"https:\/\/www.cooksofgrind.org\/v11\/grind-cooking-4\/\"><img loading=\"lazy\" decoding=\"async\" class=\"alignleft size-full wp-image-643\" src=\"https:\/\/www.cooksofgrind.org\/v11\/wp-content\/uploads\/preview04.jpg\" alt=\"preview04\" width=\"80\" height=\"90\"><\/a><\/p>\n<p>&nbsp;<\/p>\n<p><a title=\".. grind cooking #4 ..\" href=\"https:\/\/www.cooksofgrind.org\/v11\/grind-cooking-4\/\">.. grind cooking #4 ..<\/a>&nbsp; men\u00fc &#8222;Da Hofa woa&#8217;s&#8220;<\/p>\n<p>&nbsp;<\/p>\n<p>&nbsp;<\/p>\n<p><a title=\".. grind cooking #5 ..\" href=\"https:\/\/www.cooksofgrind.org\/v11\/grind-cooking-5\/\"><img loading=\"lazy\" decoding=\"async\" class=\"alignleft size-full wp-image-644\" src=\"https:\/\/www.cooksofgrind.org\/v11\/wp-content\/uploads\/preview05.jpg\" alt=\"preview05\" width=\"80\" height=\"90\"><\/a><\/p>\n<p>&nbsp;<\/p>\n<p><a title=\".. grind cooking #5 ..\" href=\"https:\/\/www.cooksofgrind.org\/v11\/grind-cooking-5\/\">.. grind cooking #5 ..<\/a>&nbsp; men\u00fc f\u00fcr aschermittwoch &#8222;kleine fisch beim grossen Fish&#8220;<\/p>\n<p>&nbsp;<\/p>\n<p>&nbsp;<\/p>\n<p><a title=\".. grind cooking #6 ..\" href=\"https:\/\/www.cooksofgrind.org\/v11\/grind-cooking-6\/\"><img loading=\"lazy\" decoding=\"async\" class=\"alignleft size-full wp-image-645\" src=\"https:\/\/www.cooksofgrind.org\/v11\/wp-content\/uploads\/preview06.jpg\" alt=\"preview06\" width=\"80\" height=\"90\"><\/a><\/p>\n<p>&nbsp;<\/p>\n<p><a title=\".. grind cooking #6 ..\" href=\"https:\/\/www.cooksofgrind.org\/v11\/grind-cooking-6\/\">.. grind cooking #6 ..<\/a>&nbsp; men\u00fc &#8222;Max on speed\u201c<\/p>\n<p>&nbsp;<\/p>\n<p>&nbsp;<\/p>\n<p><a title=\".. grind cooking #7 ..\" href=\"https:\/\/www.cooksofgrind.org\/v11\/grind-cooking-7\/\"><img loading=\"lazy\" decoding=\"async\" class=\"alignleft size-full wp-image-646\" src=\"https:\/\/www.cooksofgrind.org\/v11\/wp-content\/uploads\/preview07.jpg\" alt=\"preview07\" width=\"80\" height=\"90\"><\/a><\/p>\n<p>&nbsp;<\/p>\n<p><a title=\".. grind cooking #7 ..\" href=\"https:\/\/www.cooksofgrind.org\/v11\/grind-cooking-7\/\">.. grind cooking #7 ..&nbsp;<\/a> men\u00fc &#8222;Pauli Prattes&#8220; a la Fozzey<\/p>\n<p>&nbsp;<\/p>\n<p>&nbsp;<\/p>\n<p><a title=\".. grind cooking #8 ..\" href=\"https:\/\/www.cooksofgrind.org\/v11\/grind-cooking-8\/\"><img loading=\"lazy\" decoding=\"async\" class=\"alignleft size-full wp-image-647\" src=\"https:\/\/www.cooksofgrind.org\/v11\/wp-content\/uploads\/preview08.jpg\" alt=\"preview08\" width=\"80\" height=\"90\"><\/a><\/p>\n<p>&nbsp;<\/p>\n<p><a title=\".. grind cooking #8 ..\" href=\"https:\/\/www.cooksofgrind.org\/v11\/grind-cooking-8\/\">.. grind cooking #8 ..<\/a>&nbsp; men\u00fc &#8222;susanne riess&#8220;<\/p>\n<p>&nbsp;<\/p>\n<p>&nbsp;<\/p>\n<p><a title=\".. grind cooking #9 ..\" href=\"https:\/\/www.cooksofgrind.org\/v11\/grind-cooking-9\/\"><img loading=\"lazy\" decoding=\"async\" class=\"alignleft size-full wp-image-650\" src=\"https:\/\/www.cooksofgrind.org\/v11\/wp-content\/uploads\/preview09.jpg\" alt=\"preview09\" width=\"80\" height=\"90\"><\/a><\/p>\n<p>&nbsp;<\/p>\n<p><a title=\".. grind cooking #9 ..\" href=\"https:\/\/www.cooksofgrind.org\/v11\/grind-cooking-9\/\">.. grind cooking #9 ..<\/a>&nbsp; men\u00fc &#8222;christy canyon&#8220;<\/p>\n<p>&nbsp;<\/p>\n<p>&nbsp;<\/p>\n<p><a title=\".. grind cooking #10 ..\" href=\"https:\/\/www.cooksofgrind.org\/v11\/grind-cooking-10\/\"><img loading=\"lazy\" decoding=\"async\" class=\"alignleft size-full wp-image-651\" src=\"https:\/\/www.cooksofgrind.org\/v11\/wp-content\/uploads\/preview11.jpg\" alt=\"preview11\" width=\"80\" height=\"90\"><\/a><\/p>\n<p>&nbsp;<\/p>\n<p><a title=\".. grind cooking #10 ..\" href=\"https:\/\/www.cooksofgrind.org\/v11\/grind-cooking-10\/\">.. grind cooking #10 ..&nbsp;<\/a> men\u00fc &#8222;hard to kill&#8220;<\/p>\n<p>&nbsp;<\/p>\n<p>&nbsp;<\/p>\n<p><a title=\".. grind cooking #11 ..\" href=\"https:\/\/www.cooksofgrind.org\/v11\/grind-cooking-11\/\"><img loading=\"lazy\" decoding=\"async\" class=\"alignleft size-full wp-image-652\" src=\"https:\/\/www.cooksofgrind.org\/v11\/wp-content\/uploads\/preview0111.jpg\" alt=\"preview011\" width=\"80\" height=\"90\"><\/a><\/p>\n<p>&nbsp;<\/p>\n<p><a title=\".. grind cooking #11 ..\" href=\"https:\/\/www.cooksofgrind.org\/v11\/grind-cooking-11\/\">.. grind cooking #11 ..<\/a>&nbsp; men\u00fc &#8222;glorreiche halunken&#8220;<\/p>\n<p>&nbsp;<\/p>\n<p>&nbsp;<\/p>\n<p><a title=\".. grind cooking #12 ..\" href=\"https:\/\/www.cooksofgrind.org\/v11\/538-2\/\"><img loading=\"lazy\" decoding=\"async\" class=\"alignleft size-full wp-image-653\" src=\"https:\/\/www.cooksofgrind.org\/v11\/wp-content\/uploads\/preview12.jpg\" alt=\"preview12\" width=\"80\" height=\"90\"><\/a><\/p>\n<p>&nbsp;<\/p>\n<p><a title=\".. grind cooking #12 ..\" href=\"https:\/\/www.cooksofgrind.org\/v11\/538-2\/\">.. grind cooking #12 ..<\/a>&nbsp; men\u00fc &#8222;carcass&#8220;<\/p>\n<p>&nbsp;<\/p>\n<p>&nbsp;<\/p>\n<p><a title=\".. grind cooking #13 ..\" href=\"https:\/\/www.cooksofgrind.org\/v11\/grind-cooking-13\/\"><img loading=\"lazy\" decoding=\"async\" class=\"alignleft size-full wp-image-654\" src=\"https:\/\/www.cooksofgrind.org\/v11\/wp-content\/uploads\/preview13.jpg\" alt=\"preview13\" width=\"80\" height=\"90\"><\/a><\/p>\n<p>&nbsp;<\/p>\n<p><a title=\".. grind cooking #13 ..\" href=\"https:\/\/www.cooksofgrind.org\/v11\/grind-cooking-13\/\">.. grind cooking #13 ..<\/a>&nbsp; men\u00fc &#8222;gr\u00fcnes im gr\u00fcnen&#8220;<\/p>\n<p>&nbsp;<\/p>\n<p>&nbsp;<\/p>\n<p><a title=\".. grind cooking #14 ..\" href=\"https:\/\/www.cooksofgrind.org\/v11\/grind-cooking-14\/\"><img loading=\"lazy\" decoding=\"async\" class=\"alignleft size-full wp-image-655\" src=\"https:\/\/www.cooksofgrind.org\/v11\/wp-content\/uploads\/preview14.jpg\" alt=\"preview14\" width=\"80\" height=\"90\"><\/a><\/p>\n<p>&nbsp;<\/p>\n<p><a title=\".. grind cooking #14 ..\" href=\"https:\/\/www.cooksofgrind.org\/v11\/grind-cooking-14\/\">.. grind cooking #14 ..&nbsp;<\/a> men\u00fc &#8222;Dr. Sommer&#8220;<\/p>\n<p>&nbsp;<\/p>\n<p>&nbsp;<\/p>\n<p><a title=\".. grind cooking #15 ..\" href=\"https:\/\/www.cooksofgrind.org\/v11\/grind-cooking-15\/\"><img loading=\"lazy\" decoding=\"async\" class=\"alignleft size-full wp-image-656\" src=\"https:\/\/www.cooksofgrind.org\/v11\/wp-content\/uploads\/preview15.jpg\" alt=\"preview15\" width=\"80\" height=\"90\"><\/a><\/p>\n<p>&nbsp;<\/p>\n<p><a title=\".. grind cooking #15 ..\" href=\"https:\/\/www.cooksofgrind.org\/v11\/grind-cooking-15\/\">.. grind cooking #15 ..&nbsp;<\/a> men\u00fc &#8222;psycho rustikal&#8220;<\/p>\n<p>&nbsp;<\/p>\n<p>&nbsp;<\/p>\n<p><a title=\".. grind cooking #16 ..\" href=\"https:\/\/www.cooksofgrind.org\/v11\/grind-cooking-16\/\"><img loading=\"lazy\" decoding=\"async\" class=\"alignleft size-full wp-image-657\" src=\"https:\/\/www.cooksofgrind.org\/v11\/wp-content\/uploads\/preview16.jpg\" alt=\"preview16\" width=\"80\" height=\"90\"><\/a><\/p>\n<p>&nbsp;<\/p>\n<p><a title=\".. grind cooking #16 ..\" href=\"https:\/\/www.cooksofgrind.org\/v11\/grind-cooking-16\/\">.. grind cooking #16 ..<\/a>&nbsp; men\u00fc &#8222;eurofighter&#8220;<\/p>\n<p>&nbsp;<\/p>\n<p>&nbsp;<\/p>\n<p><a title=\".. grind cooking #17 ..\" href=\"https:\/\/www.cooksofgrind.org\/v11\/grind-cooking-17\/\"><img loading=\"lazy\" decoding=\"async\" class=\"alignleft size-full wp-image-658\" src=\"https:\/\/www.cooksofgrind.org\/v11\/wp-content\/uploads\/preview17.jpg\" alt=\"preview17\" width=\"80\" height=\"90\"><\/a><\/p>\n<p>&nbsp;<\/p>\n<p><a title=\".. grind cooking #17 ..\" href=\"https:\/\/www.cooksofgrind.org\/v11\/grind-cooking-17\/\">.. grind cooking #17 ..<\/a>&nbsp; men\u00fc &#8222;der patriot&#8220;<\/p>\n<p>&nbsp;<\/p>\n<p>&nbsp;<\/p>\n<p><a title=\".. grind cooking #18 ..\" href=\"https:\/\/www.cooksofgrind.org\/v11\/grind-cooking-18\/\"><img loading=\"lazy\" decoding=\"async\" class=\"alignleft size-full wp-image-659\" src=\"https:\/\/www.cooksofgrind.org\/v11\/wp-content\/uploads\/preview18.jpg\" alt=\"preview18\" width=\"80\" height=\"90\"><\/a><\/p>\n<p>&nbsp;<\/p>\n<p><a title=\".. grind cooking #18 ..\" href=\"https:\/\/www.cooksofgrind.org\/v11\/grind-cooking-18\/\">.. grind cooking #18 ..<\/a>&nbsp; men\u00fc &#8222;black maronis in the hour of chaos&#8220;<\/p>\n<p>&nbsp;<\/p>\n<p>&nbsp;<\/p>\n<p><a title=\".. grind cooking #19 ..\" href=\"https:\/\/www.cooksofgrind.org\/v11\/grind-cooking-19\/\"><img loading=\"lazy\" decoding=\"async\" class=\"alignleft size-full wp-image-660\" src=\"https:\/\/www.cooksofgrind.org\/v11\/wp-content\/uploads\/preview19.jpg\" alt=\"preview19\" width=\"80\" height=\"90\"><\/a><\/p>\n<p>&nbsp;<\/p>\n<p><a title=\".. grind cooking #19 ..\" href=\"https:\/\/www.cooksofgrind.org\/v11\/grind-cooking-19\/\">.. grind cooking #19 ..<\/a>&nbsp; men\u00fc &#8222;Gans falsch oder der Fleischhahn kommt&#8220;<\/p>\n<p>&nbsp;<\/p>\n<p>&nbsp;<\/p>\n<p><a title=\".. grind cooking #20 ..\" href=\"https:\/\/www.cooksofgrind.org\/v11\/grind-cooking-20\/\"><img loading=\"lazy\" decoding=\"async\" class=\"alignleft size-full wp-image-661\" src=\"https:\/\/www.cooksofgrind.org\/v11\/wp-content\/uploads\/preview20.jpg\" alt=\"preview20\" width=\"80\" height=\"90\"><\/a><\/p>\n<p>&nbsp;<\/p>\n<p><a title=\".. grind cooking #20 ..\" href=\"https:\/\/www.cooksofgrind.org\/v11\/grind-cooking-20\/\">.. grind cooking #20 ..<\/a>&nbsp; men\u00fc &#8222;Freestyler the Mexican&#8220;<\/p>\n<p>&nbsp;<\/p>\n<p>&nbsp;<\/p>\n<p><a title=\".. grind cooking #21 ..\" href=\"https:\/\/www.cooksofgrind.org\/v11\/grind-cooking-21\/\"><img loading=\"lazy\" decoding=\"async\" class=\"alignleft size-full wp-image-662\" src=\"https:\/\/www.cooksofgrind.org\/v11\/wp-content\/uploads\/preview21.jpg\" alt=\"preview21\" width=\"80\" height=\"90\">.. grind cooking #21 ..<\/a>&nbsp; men\u00fc &#8222;Arnulf P.\u201c<\/p>\n<p>&nbsp;<\/p>\n","protected":false},"excerpt":{"rendered":"<p>Men\u00fcs &nbsp; .. grind-cooking #1 ..&nbsp; gala dinner ohne eis und ohne fleisch &nbsp; &nbsp; &nbsp; .. grind cooking #2 ..&nbsp; men\u00fc &#8222;Patrick Ortlieb&#8220; &nbsp; &nbsp; &nbsp; &#8230;..<\/p>\n","protected":false},"author":2,"featured_media":0,"parent":0,"menu_order":0,"comment_status":"closed","ping_status":"open","template":"","meta":{"footnotes":""},"_links":{"self":[{"href":"https:\/\/www.cooksofgrind.org\/v11\/wp-json\/wp\/v2\/pages\/504"}],"collection":[{"href":"https:\/\/www.cooksofgrind.org\/v11\/wp-json\/wp\/v2\/pages"}],"about":[{"href":"https:\/\/www.cooksofgrind.org\/v11\/wp-json\/wp\/v2\/types\/page"}],"author":[{"embeddable":true,"href":"https:\/\/www.cooksofgrind.org\/v11\/wp-json\/wp\/v2\/users\/2"}],"replies":[{"embeddable":true,"href":"https:\/\/www.cooksofgrind.org\/v11\/wp-json\/wp\/v2\/comments?post=504"}],"version-history":[{"count":28,"href":"https:\/\/www.cooksofgrind.org\/v11\/wp-json\/wp\/v2\/pages\/504\/revisions"}],"predecessor-version":[{"id":1049,"href":"https:\/\/www.cooksofgrind.org\/v11\/wp-json\/wp\/v2\/pages\/504\/revisions\/1049"}],"wp:attachment":[{"href":"https:\/\/www.cooksofgrind.org\/v11\/wp-json\/wp\/v2\/media?parent=504"}],"curies":[{"name":"wp","href":"https:\/\/api.w.org\/{rel}","templated":true}]}}