{"id":530,"date":"2013-04-13T19:52:41","date_gmt":"2013-04-13T17:52:41","guid":{"rendered":"http:\/\/www.cooksofgrind.org\/v11\/?page_id=530"},"modified":"2018-04-27T09:05:19","modified_gmt":"2018-04-27T07:05:19","slug":"grind-cooking-9","status":"publish","type":"page","link":"https:\/\/www.cooksofgrind.org\/v11\/menus\/grind-cooking-9\/","title":{"rendered":".. grind cooking #9 .."},"content":{"rendered":"<p><img loading=\"lazy\" decoding=\"async\" class=\"alignleft size-full wp-image-711\" alt=\"grind902\" src=\"https:\/\/www.cooksofgrind.org\/v11\/wp-content\/uploads\/grind902.jpg\" width=\"120\" height=\"145\" \/> <img loading=\"lazy\" decoding=\"async\" class=\"alignleft size-full wp-image-712\" alt=\"grind901\" src=\"https:\/\/www.cooksofgrind.org\/v11\/wp-content\/uploads\/grind901.jpg\" width=\"131\" height=\"146\" \/> <img loading=\"lazy\" decoding=\"async\" class=\"alignleft size-full wp-image-713\" alt=\"grind903\" src=\"https:\/\/www.cooksofgrind.org\/v11\/wp-content\/uploads\/grind903.jpg\" width=\"125\" height=\"142\" \/> <img loading=\"lazy\" decoding=\"async\" class=\"alignleft size-full wp-image-714\" alt=\"grind904\" src=\"https:\/\/www.cooksofgrind.org\/v11\/wp-content\/uploads\/grind904.jpg\" width=\"121\" height=\"152\" \/><\/p>\n<p>&nbsp;<\/p>\n<p>&nbsp;<\/p>\n<p>&nbsp;<\/p>\n<p>&nbsp;<\/p>\n<p>&nbsp;<\/p>\n<p>&nbsp;<\/p>\n<p><strong><span style=\"color: #000000;\">men\u00fc &#8222;christy canyon&#8220;<\/span><\/strong><br \/>\n<span style=\"color: #000000;\">(f\u00fcr 6 personen)<\/span><\/p>\n<p><span style=\"color: #000000;\">Koch: John<\/span><br \/>\n<span style=\"color: #000000;\">Gastgeber: Fisch<\/span><\/p>\n<p><strong><span style=\"color: #000000;\">starter salzige fisch<\/span><\/strong><\/p>\n<p><span style=\"color: #000000;\">zutaten:<\/span><br \/>\n<span style=\"color: #000000;\">2 packerl gold fischli<\/span><br \/>\n<span style=\"color: #000000;\">2 zitronen<\/span><br \/>\n<span style=\"color: #000000;\">tequila<\/span><\/p>\n<p><span style=\"color: #000000;\">einfach anrichten &#8230;<\/span><\/p>\n<p><strong><span style=\"color: #000000;\">vorspeise saure fisch<\/span><\/strong><\/p>\n<p><span style=\"color: #000000;\">zutaten:<\/span><br \/>\n<span style=\"color: #000000;\">ca. 250g filetti di alici, fertig mariniert aus dem feinkostladen<\/span><br \/>\n<span style=\"color: #000000;\">1 bund petersilie<\/span><br \/>\n<span style=\"color: #000000;\">2 zitronen<\/span><br \/>\n<span style=\"color: #000000;\">1 wei\u00dfbrot<\/span><\/p>\n<p><span style=\"color: #000000;\">das \u00f6l der marinierten fische abtropfen lassen, die fische mit<\/span><br \/>\n<span style=\"color: #000000;\">kleingehackter petersilie und zitronensaft verfeinern und servieren. dazu passend und auch f\u00fcr den hauptgang geeignet: der resche s\u00fcdsteirische welschriesling &#8222;erzherzog johann&#8220;<\/span><\/p>\n<p><strong><span style=\"color: #000000;\">hauptgericht bockene fisch<\/span><\/strong><\/p>\n<p><span style=\"color: #000000;\">3 packungen iglo fischst\u00e4bchen \u00e1 15 st\u00fcck<\/span><br \/>\n<span style=\"color: #000000;\">2 kg salaterd\u00e4pfel<\/span><br \/>\n<span style=\"color: #000000;\">3 rote zwiebel<\/span><br \/>\n<span style=\"color: #000000;\">1\/4l rindsuppe<\/span><br \/>\n<span style=\"color: #000000;\">10 EL weinessig<\/span><br \/>\n<span style=\"color: #000000;\">8 EL oliven\u00f6l<\/span><br \/>\n<span style=\"color: #000000;\">salz<\/span><br \/>\n<span style=\"color: #000000;\">pfeffer<\/span><br \/>\n<span style=\"color: #000000;\">zucker<\/span><br \/>\n<span style=\"color: #000000;\">\u00f6l zum frittieren<\/span><\/p>\n<p><span style=\"color: #000000;\">die erd\u00e4pfel waschen und in salzwasser weich kochen. die kartoffel noch im warmen zustand sch\u00e4len und in scheiben schneiden. dann salzen und mit der rindsuppe \u00fcbergie\u00dfen. mit essig, \u00f6l, pfeffer und ein wenig zucker eine marinade r\u00fchren und das ganze mit den gehackten zwiebeln gut durchmischen. kaltstellen.<\/span><br \/>\n<span style=\"color: #000000;\">\u00f6l erhitzen und die noch tiefgefrorenen fischst\u00e4bchen ins \u00f6l geben und backen. aufs wenden nicht vergessen!<\/span><\/p>\n<p><strong><span style=\"color: #000000;\">nachspeise s\u00fc\u00dfes im roten meer<\/span><\/strong><\/p>\n<p><span style=\"color: #000000;\">2 packungen vanilleeis<\/span><br \/>\n<span style=\"color: #000000;\">ca. 1\/2 kg erdbeeren<\/span><br \/>\n<span style=\"color: #000000;\">2 packungen vanillezucker<\/span><br \/>\n<span style=\"color: #000000;\">etwas staubzucker<\/span><br \/>\n<span style=\"color: #000000;\">2 EL metaxa<\/span><br \/>\n<span style=\"color: #000000;\">etwas zitronensaft<\/span><\/p>\n<p><span style=\"color: #000000;\">die erdbeeren waschen, putzen und in kleine st\u00fccke schneiden. die<\/span><br \/>\n<span style=\"color: #000000;\">geschnittenen erdbeeren mit dem metaxa und den zucker marinieren und<\/span><br \/>\n<span style=\"color: #000000;\">kaltstellen. vorm servieren mit dem stabmixer p\u00fcrieren. das eis aufteilen und die erdbeersauce dr\u00fcbersch\u00fctten.<\/span><\/p>\n<p><strong><span style=\"color: #000000;\">kritiken:<\/span><\/strong><\/p>\n<p><span style=\"color: #000000;\">Es gibt Fisch, Baby, und nicht zu knapp. Ein bunter Abend , an dem wir J\u00fcnger des Grind von Maitre John wieder t\u00fcchtig eingeschenkt und aufgetischt bekamen. Nach einer \u00fcberraschenden Tequila-Knabberfischkombination landete er eine hoch angesetzte Gourmetgerade direkt ins Geschmackszentrum um uns dann mit bodenst\u00e4ndigem W\u00fcrfelfisch-Kartoffelsalatderspitzenklasse in die Knie gehen zu lassen und mit einem delikaten s\u00fc\u00dfen Meer-Hammer endg\u00fcltig auf die Bretter der Magenkapazit\u00e4t zu schicken. F\u00fcr uns Kulinarikfreaks ein Traum, aus dem ich am n\u00e4chsten Morgen mit intakter Darmflora erwachte.<\/span><br \/>\n<span style=\"color: #000000;\">jo<\/span><\/p>\n<p><span style=\"color: #000000;\">Nicht schon wieder Fisch!<\/span><br \/>\n<span style=\"color: #000000;\">Der Abend begann alles anderes als \u00fcblich. \u00dcblich ist, dass ich mich mit Fozzey beim WTC von Graz (dem Sparkassenhochhaus am Lendplatz) treffe. Diesmal nicht, diesmal ist es der Tschickautomat in der Keplerstra\u00dfe. Auch gut. \u00dcblich ist, dass wir uns vielleicht nach dem Essen zum Fernseher setzen, um abzuh\u00e4ngen. Diesmal nicht, diesmal lockte das freundschaftliche L\u00e4ndermatch \u00d6sterreich vs. Kamerun uns schon zwischendurch zur Glotze in Fisch`s WG. Auch gut. Auf keinen Fall \u00fcblich ist, dass Koch John von Men\u00fc zu Men\u00fc zu (m)einem Starkoch wird. Begr\u00fcndung: Der Erd\u00e4pflinger ein Gedicht. Die Fischst\u00e4bchen (erstmals Panier!) sauber ausabockn. Aber von vorne: Hombre, der Tequila puscht mucho.<\/span><br \/>\n<span style=\"color: #000000;\">Das Salzgeb\u00e4ck Fischli macht nur noch durstiger. Die s\u00e4uerliche Variante drauf \u00fcberrascht mich und meinen Gaumen. Wirklich gut, weil es mir das Gesicht verzieht. Dann der von mir schon vorweggenommene Hauptgang. Und zum Schluss das S\u00fc\u00dfwasser-Eis im roten Meer. S\u00fc\u00dfer, als erlaubt. Hier geschieht etwas Un\u00fcbliches! So frage ich, ist in dieser \u201eAchterbahn der Geschm\u00e4cker\u201c-Kochphilosophie nicht ein manipulativer, diktatorischer Ansatz enthalten? John baut sein Men\u00fc wie einen guten Techno-Dance-Event auf, folgt einer inneren Dramaturgie bis zum H\u00f6hepunkt. Und serviert das Ganze so nebenbei, einfach leger unauff\u00e4llig. F\u00fcr mich wirklich die hohe Schule des Grind-Cookings. Das der Abend mit den \u00fcblichen Pforzern endete, ist mir da fast peinlich zu erw\u00e4hnen.<\/span><br \/>\n<span style=\"color: #000000;\">rok<\/span><\/p>\n<p><span style=\"color: #000000;\">fischst\u00e4bchengaberln in meinen gem\u00e4chern.<\/span><br \/>\n<span style=\"color: #000000;\">dieser herr john traut sich was! fischelt mir die bude tats\u00e4chlich allen abmachungen zum trotz ordentlich an. aber was soll&#8217;s ! wenigstens hat er&#8217;s voll drauf und serviert uns ein grindmen\u00fc, das diesen namen fast nicht verdient. dieser bursche ist ein stiller k\u00f6nner mit tricks, die man in keinem kochkurs lernt. w\u00e4rmt auf mit dem teuflischen tequila &#8222;sierra&#8220;. t\u00e4uscht an mit reudigem salzgeb\u00e4ck und verwandelt fast mit einem erstklassigen sauren fisch (welcher feinkostladen?). bringt dich \u00fcber die halbzeit mit dem &#8222;erzherzog johann&#8220; und landet einen volltreffer mit seinem kartoffelsalat zum panierten der seinesgleichen sucht. und wenn du nach 90min , 8 1\/2 fischst\u00e4bchen, einem halben kilo kartoffelsalat noch kannst, schickt er dich mit seiner speziellen erdbeer-eis kreation in die nachspielzeit. so geh\u00f6rt es sich und so muss das grindcooking-team gefordert werden.<\/span><br \/>\n<span style=\"color: #000000;\">fisch<\/span><\/p>\n<p><span style=\"color: #000000;\">k\u00e4pt`n iglo rief u. alle wollten seinen fang sehen. goldfischli aus dem golf von mexiko mit kaktus-schnaps war der erste gruss aus der kombuese, es folgte poekelfisch in leckerer saurer marinade, daraufhin k\u00e4pt`n iglos klassiker die quadratforelle mit dem wahrscheinlich besten erdaepfelsalat aller zeiten( wirklich allergroesstes kompliment, unbedingt nachkochen).dessert war f\u00fcr mich als erdbeerfan sowieso schwer ok.<\/span><br \/>\n<span style=\"color: #000000;\">einziger schlechtpunkt an diesem abend war das torlose remis zwischen hansis buben u. winnies adlern aber daran war weder gastgeber fisch noch koch john schuld <\/span><br \/>\n<span style=\"color: #000000;\">wojdl<\/span><\/p>\n","protected":false},"excerpt":{"rendered":"<p>&nbsp; &nbsp; &nbsp; &nbsp; &nbsp; &nbsp; men\u00fc &#8222;christy canyon&#8220; (f\u00fcr 6 personen) Koch: John Gastgeber: Fisch starter salzige fisch zutaten: 2 packerl gold fischli 2 zitronen tequila einfach&#8230;<\/p>\n","protected":false},"author":2,"featured_media":0,"parent":504,"menu_order":0,"comment_status":"closed","ping_status":"closed","template":"","meta":{"footnotes":""},"_links":{"self":[{"href":"https:\/\/www.cooksofgrind.org\/v11\/wp-json\/wp\/v2\/pages\/530"}],"collection":[{"href":"https:\/\/www.cooksofgrind.org\/v11\/wp-json\/wp\/v2\/pages"}],"about":[{"href":"https:\/\/www.cooksofgrind.org\/v11\/wp-json\/wp\/v2\/types\/page"}],"author":[{"embeddable":true,"href":"https:\/\/www.cooksofgrind.org\/v11\/wp-json\/wp\/v2\/users\/2"}],"replies":[{"embeddable":true,"href":"https:\/\/www.cooksofgrind.org\/v11\/wp-json\/wp\/v2\/comments?post=530"}],"version-history":[{"count":4,"href":"https:\/\/www.cooksofgrind.org\/v11\/wp-json\/wp\/v2\/pages\/530\/revisions"}],"predecessor-version":[{"id":717,"href":"https:\/\/www.cooksofgrind.org\/v11\/wp-json\/wp\/v2\/pages\/530\/revisions\/717"}],"up":[{"embeddable":true,"href":"https:\/\/www.cooksofgrind.org\/v11\/wp-json\/wp\/v2\/pages\/504"}],"wp:attachment":[{"href":"https:\/\/www.cooksofgrind.org\/v11\/wp-json\/wp\/v2\/media?parent=530"}],"curies":[{"name":"wp","href":"https:\/\/api.w.org\/{rel}","templated":true}]}}