{"id":533,"date":"2013-04-13T19:55:14","date_gmt":"2013-04-13T17:55:14","guid":{"rendered":"http:\/\/www.cooksofgrind.org\/v11\/?page_id=533"},"modified":"2018-04-27T08:58:00","modified_gmt":"2018-04-27T06:58:00","slug":"grind-cooking-10","status":"publish","type":"page","link":"https:\/\/www.cooksofgrind.org\/v11\/menus\/grind-cooking-10\/","title":{"rendered":".. grind cooking #10 .."},"content":{"rendered":"<p><img loading=\"lazy\" decoding=\"async\" class=\"alignleft size-full wp-image-718\" alt=\"grind1004\" src=\"https:\/\/www.cooksofgrind.org\/v11\/wp-content\/uploads\/grind1004.gif\" width=\"120\" height=\"148\" \/> <img loading=\"lazy\" decoding=\"async\" class=\"alignleft size-full wp-image-719\" alt=\"grind1003\" src=\"https:\/\/www.cooksofgrind.org\/v11\/wp-content\/uploads\/grind1003.gif\" width=\"120\" height=\"139\" \/> <img loading=\"lazy\" decoding=\"async\" class=\"alignleft size-full wp-image-720\" alt=\"grind1001\" src=\"https:\/\/www.cooksofgrind.org\/v11\/wp-content\/uploads\/grind1001.gif\" width=\"120\" height=\"147\" \/> <img loading=\"lazy\" decoding=\"async\" class=\"alignleft size-full wp-image-721\" alt=\"grind1002\" src=\"https:\/\/www.cooksofgrind.org\/v11\/wp-content\/uploads\/grind1002.gif\" width=\"120\" height=\"146\" \/><\/p>\n<p>&nbsp;<\/p>\n<p>&nbsp;<\/p>\n<p>&nbsp;<\/p>\n<p>&nbsp;<\/p>\n<p>&nbsp;<\/p>\n<p>&nbsp;<\/p>\n<p><strong><span style=\"color: #000000;\">men\u00fc &#8222;hard to kill&#8220;<\/span><\/strong><br \/>\n<span style=\"color: #000000;\">(f\u00fcr 5 personen)<\/span><\/p>\n<p><span style=\"color: #000000;\">koch: fisch<\/span><br \/>\n<span style=\"color: #000000;\">gastgeber: wojdel<\/span><\/p>\n<p><strong><span style=\"color: #000000;\">vorspeise pikante bissen<\/span><\/strong><\/p>\n<p><span style=\"color: #000000;\">zutaten: <\/span><br \/>\n<span style=\"color: #000000;\">6 stk. salzstangerl<\/span><br \/>\n<span style=\"color: #000000;\">butter<\/span><br \/>\n<span style=\"color: #000000;\">wurst(polnische oder gleichwertige)<\/span><br \/>\n<span style=\"color: #000000;\">k\u00e4se (m\u00f6glichst aromatisch)<\/span><br \/>\n<span style=\"color: #000000;\">gurkerln<\/span><br \/>\n<span style=\"color: #000000;\">sardellen<\/span><br \/>\n<span style=\"color: #000000;\">zahnstocher mit f\u00e4hnchen<\/span><\/p>\n<p><span style=\"color: #000000;\">zubereitung: <\/span><br \/>\n<span style=\"color: #000000;\">salzstangerln in fingerdicke scheiben schneiden,mit butter bestreichen, mit wurst, k\u00e4se, sardellen und gurkerln belegen und<\/span><br \/>\n<span style=\"color: #000000;\">mit einem f\u00e4hnchen festspie\u00dfen.<\/span><\/p>\n<p><strong><span style=\"color: #000000;\">suppe arizona bohnensuppe<\/span><\/strong><\/p>\n<p><span style=\"color: #000000;\">zutaten: <\/span><br \/>\n<span style=\"color: #000000;\">2 dosen weisse bohnen<\/span><br \/>\n<span style=\"color: #000000;\">2 zwiebel, petersilie, 200 g tomatenmark<\/span><br \/>\n<span style=\"color: #000000;\">salz, pfeffer, zitronensaft<\/span><br \/>\n<span style=\"color: #000000;\">suppenw\u00fcrfel<\/span><\/p>\n<p><span style=\"color: #000000;\">zubereitung: <\/span><br \/>\n<span style=\"color: #000000;\">\u00f6l erhitzen und zwiebel darin and\u00fcnsten. 2 liter wasser im topf zum kochen bringen, bohnen beimengen, mit salz, pfeffer, zitronensaft, tomatenmark und den suppenw\u00fcrfeln w\u00fcrzen. 10 min garen und mit den zwiebeln und der petersilie abschmecken.<\/span><\/p>\n<p><strong><span style=\"color: #000000;\">hauptspeise gerollter leberk\u00e4se<\/span><\/strong><\/p>\n<p><span style=\"color: #000000;\">zutaten: <\/span><br \/>\n<span style=\"color: #000000;\">10 scheiben leberk\u00e4se<\/span><br \/>\n<span style=\"color: #000000;\">10 scheiben k\u00e4se<\/span><br \/>\n<span style=\"color: #000000;\">champignons aus der dose<\/span><br \/>\n<span style=\"color: #000000;\">petersilie, \u00f6l, salz<\/span><\/p>\n<p><span style=\"color: #000000;\">zubereitung:<\/span><br \/>\n<span style=\"color: #000000;\">leberk\u00e4sescheiben mit k\u00e4sescheiben belegen, champignons aus der dose drauf und mit gehackter petersilie bestreuen, alles zusammenrollen, mit zahnstocher feststecken und ein\u00f6len. in der pfanne braten bis der leberk\u00e4se sch\u00f6n durch und der k\u00e4se sch\u00f6n geschmolzen ist. aufs weiterrollen nicht vergessen !<\/span><\/p>\n<p><strong><span style=\"color: #000000;\">nachspeise brat\u00e4pfel<\/span><\/strong><\/p>\n<p><span style=\"color: #000000;\">zutaten: <\/span><br \/>\n<span style=\"color: #000000;\">5 \u00e4pfel, 1 orange<\/span><br \/>\n<span style=\"color: #000000;\">etwas butter, 3 essl\u00f6ffel gehackte n\u00fcsse,rosinen,<\/span><br \/>\n<span style=\"color: #000000;\">erdbeermarmelade, etwas geriebene zitronenschale,<\/span><br \/>\n<span style=\"color: #000000;\">etwas rum und eine zimtstange.<\/span><\/p>\n<p><span style=\"color: #000000;\">zubereitung: <\/span><br \/>\n<span style=\"color: #000000;\">backofen auf 225 grad vorheizen, \u00e4pfel waschen und das kerngeh\u00e4use ausstechen, eine auflaufform mit butter einfetten, die orange in scheiben schneiden, die \u00e4pfel mit je einer orangenscheibe als unterlage in die form stellen. n\u00fcsse, rosinen, zitronenschale und marmelade vermischen und in die \u00e4pfel f\u00fcllen, einen ordentlichen spritzer rum dr\u00fcber, die \u00f6ffnung mit etwas butter verschliessen und die zimtstange dazwischenlegen. zu diesem men\u00fc trinkt man am besten einen weissen spritzer.<\/span><\/p>\n<p><strong><span style=\"color: #000000;\">kritiken:<\/span><\/strong><\/p>\n<p><span style=\"color: #000000;\">die mast pur. fisch sorgte in wojdels r\u00e4umlichkeiten bzw. veranda f\u00fcr s\u00e4ttigung pur. europ\u00e4ische h\u00e4ppchen, scharf gew\u00fcrzt und verziert mit eu-flaggen und auf dem teller des allerheiligsten serviert. alleine dies h\u00e4tte schon ges\u00e4ttigt. nein, es folgten noch f\u00fcr jeden zwei st\u00fcck gerollte leberkas mit k\u00e4se und schwammerl. ein weiterer h\u00f6hepunkt im verlauf dieser serie, jedoch konnte ich nach diesem gang meine arme bei drehkick nicht mehr gebrauchen, was zu b\u00f6sen blicken meines spielpartners joe f\u00fchrte und uns besch\u00e4mende niederlagen brachte. als trost folgten die brat\u00e4pfel gef\u00fcllt mit &#8222;handgehackten&#8220; n\u00fcssen und marmelade. s\u00fc\u00dfer abschluss eines lauen abends hinter wojdels durchdachter garagen-veranda mit s\u00e4ttigungsfaktor 10.<\/span><br \/>\n<span style=\"color: #000000;\">fozzey<\/span><\/p>\n<p><span style=\"color: #000000;\">Ein kulinarisches Feuerwerk wurde von Meister Fisch abgebrannt, der auf einsamem Posten in der K\u00fcche, die Meute im Garten sommerfrischend, die Stellung hielt. Pikante und vor allem bunte Bissen bestachen durch zarte Sardellenfilet-K\u00e4se-Kombi und zeitloses Fingerfood Design, womit die Fischquote wieder einmal gehalten wurde. <\/span><br \/>\n<span style=\"color: #000000;\">Die dezent-leckere Bohnensuppe mundete auch vor allem durch den Sombrero, den unser Ingenieur eilig herbeischaffte.<\/span><br \/>\n<span style=\"color: #000000;\">Beim Hauptgericht kamen alle ins Schw\u00e4rmen, St.Martin sei Dank, einziger Punkteabzug wegen glibbriger Dosenchampignons.<\/span><br \/>\n<span style=\"color: #000000;\">Souver\u00e4n auch wieder der Bratapfel; flambieren m\u00fcss ma noch \u00fcben, Vanillesauce w\u00fcrde sich hier auch kindersicher anbieten (f\u00fcr M\u00e4nner mit 80% Stroh). <\/span><br \/>\n<span style=\"color: #000000;\">Ein Budelmatch f\u00f6rderte zwar die Verdauung, aber vom Ausw\u00e4rtssieg gegen den roten Ing. konnten Fozzey und ich nur tr\u00e4umen.<\/span><br \/>\n<span style=\"color: #000000;\">joe<\/span><\/p>\n<p><span style=\"color: #000000;\">Gringos und Machos<\/span><br \/>\n<span style=\"color: #000000;\">Der Supermarkt, gigantisch in seinen Dimensionen l\u00e4sst uns vor Ehrfurcht erblassen. Mehrmals werden die gro\u00dfen Wandelg\u00e4nge abgegangen. Dann gem\u00fctliche Laubenatmosph\u00e4re, ein Bus der ne Schallplattenrille entlangf\u00e4hrt, ein GAK-Sombrero und jede Menge Attraktionen. Animiertes Speisen. Fisch schreitet gezielt ans Werk und das Ergebnis ist einfach SPITZE. Besonders die nach dem Hors d`ouvre servierte Arizona-Bohnensuppe ist mir in Erinnerung. Fisch ist hiermit auch \u2013\u00a0der aufmerksame GRINCOOKLER-FAN hats wahrscheinlich bemerkt, der erste Koch der sich \u00fcber einen Vierg\u00e4nger traut. Die Leberk\u00e4s-Rollen waren sch\u00f6n fett. Und auch die siebenhundertsiebstige Apfelvariation war gar nicht fad. <\/span><br \/>\n<span style=\"color: #000000;\">rok<\/span><\/p>\n<p><span style=\"color: #000000;\">Fisch der k\u00fcchenberserker oder rache f\u00fcr das massaker das giovanni u. ich in fish`s kueche anrichteten lautete das motto dieses abends, der aufgrund massiv notwendiger reinigungsarbeiten in meiner kueche, f\u00fcr mich noch einige stunden l\u00e4nger dauerte als f\u00fcr den rest der cooks of grind. auf meinem papstteller servierte uns maitre loibner w\u00fcrzige grindhappen mit eu-fahnen. ist der vatikan eigentlich mitglied? darauf folgte eine bohnensuppe als vorbote eines kulinarischen overkill.<\/span><br \/>\n<span style=\"color: #000000;\">die emmentaler-leberk\u00e4se-champignons kombination zeigte die grenzen meines zerchfellbruchgeplagten magens in erschreckender weise auf, doch wer ein echter grindcookler ist muss die grenzen seines verdauungsapparats bis aufs letzte ausreizen k\u00f6nnen. apfel ist scheinbar unser lieblingsobst aber in der bratapfel<\/span><br \/>\n<span style=\"color: #000000;\">version duchaus lecker und mit ein paar calvados war das extreme voellegef\u00fchl auch schnell behoben.<\/span><br \/>\n<span style=\"color: #000000;\">wojdl<\/span><\/p>\n","protected":false},"excerpt":{"rendered":"<p>&nbsp; &nbsp; &nbsp; &nbsp; &nbsp; &nbsp; men\u00fc &#8222;hard to kill&#8220; (f\u00fcr 5 personen) koch: fisch gastgeber: wojdel vorspeise pikante bissen zutaten: 6 stk. salzstangerl butter wurst(polnische oder gleichwertige)&#8230;<\/p>\n","protected":false},"author":2,"featured_media":0,"parent":504,"menu_order":0,"comment_status":"closed","ping_status":"closed","template":"","meta":{"footnotes":""},"_links":{"self":[{"href":"https:\/\/www.cooksofgrind.org\/v11\/wp-json\/wp\/v2\/pages\/533"}],"collection":[{"href":"https:\/\/www.cooksofgrind.org\/v11\/wp-json\/wp\/v2\/pages"}],"about":[{"href":"https:\/\/www.cooksofgrind.org\/v11\/wp-json\/wp\/v2\/types\/page"}],"author":[{"embeddable":true,"href":"https:\/\/www.cooksofgrind.org\/v11\/wp-json\/wp\/v2\/users\/2"}],"replies":[{"embeddable":true,"href":"https:\/\/www.cooksofgrind.org\/v11\/wp-json\/wp\/v2\/comments?post=533"}],"version-history":[{"count":4,"href":"https:\/\/www.cooksofgrind.org\/v11\/wp-json\/wp\/v2\/pages\/533\/revisions"}],"predecessor-version":[{"id":1014,"href":"https:\/\/www.cooksofgrind.org\/v11\/wp-json\/wp\/v2\/pages\/533\/revisions\/1014"}],"up":[{"embeddable":true,"href":"https:\/\/www.cooksofgrind.org\/v11\/wp-json\/wp\/v2\/pages\/504"}],"wp:attachment":[{"href":"https:\/\/www.cooksofgrind.org\/v11\/wp-json\/wp\/v2\/media?parent=533"}],"curies":[{"name":"wp","href":"https:\/\/api.w.org\/{rel}","templated":true}]}}