{"id":538,"date":"2013-04-13T20:00:03","date_gmt":"2013-04-13T18:00:03","guid":{"rendered":"http:\/\/www.cooksofgrind.org\/v11\/?page_id=538"},"modified":"2018-04-27T08:59:23","modified_gmt":"2018-04-27T06:59:23","slug":"538-2","status":"publish","type":"page","link":"https:\/\/www.cooksofgrind.org\/v11\/menus\/538-2\/","title":{"rendered":".. grind cooking #12 .."},"content":{"rendered":"<p><img loading=\"lazy\" decoding=\"async\" class=\"alignleft size-full wp-image-732\" alt=\"image24kl\" src=\"https:\/\/www.cooksofgrind.org\/v11\/wp-content\/uploads\/image24kl.jpg\" width=\"120\" height=\"90\" \/> <img loading=\"lazy\" decoding=\"async\" class=\"alignleft size-full wp-image-733\" alt=\"image26kl\" src=\"https:\/\/www.cooksofgrind.org\/v11\/wp-content\/uploads\/image26kl.jpg\" width=\"120\" height=\"90\" \/> <img loading=\"lazy\" decoding=\"async\" class=\"alignleft size-full wp-image-734\" alt=\"image33kl\" src=\"https:\/\/www.cooksofgrind.org\/v11\/wp-content\/uploads\/image33kl.jpg\" width=\"120\" height=\"90\" \/><\/p>\n<p>&nbsp;<\/p>\n<p>&nbsp;<\/p>\n<p>&nbsp;<\/p>\n<p>&nbsp;<\/p>\n<p>&nbsp;<\/p>\n<p><strong><span style=\"color: #000000;\">men\u00fc &#8222;carcass&#8220;<\/span><\/strong><br \/>\n<span style=\"color: #000000;\">(f\u00fcr\u00a0 5 personen u. einen dauergestressten fotografen auf durchgangsreise)<\/span><\/p>\n<p><span style=\"color: #000000;\">koch: wojdel<\/span><br \/>\n<span style=\"color: #000000;\">gastgeber: fozzey<\/span><\/p>\n<p><strong><span style=\"color: #000000;\">vorspeise: karottensuppe<\/span><\/strong><\/p>\n<p><span style=\"color: #000000;\">1 kg karotten<\/span><br \/>\n<span style=\"color: #000000;\">2 becher sauerrahm<\/span><br \/>\n<span style=\"color: #000000;\">salz pfeffer, suppenw\u00fcrfel<\/span><\/p>\n<p><span style=\"color: #000000;\">karotten ins wasser geben, wenn wasser kocht suppenw\u00fcrfel dazu u. kochen bis karotten weich sind. karotten mit stabmixer zerkleinern u. sauerrahm dazugeben.salzen pfeffern u. mit einem l\u00f6ffel<\/span><br \/>\n<span style=\"color: #000000;\">sauerrahm servieren<\/span><\/p>\n<p><strong><span style=\"color: #000000;\">hauptspeise: blutwurst mit sauerkraut u. r\u00f6stkartoffel<\/span><\/strong><\/p>\n<p><span style=\"color: #000000;\">5 blutw\u00fcrste<\/span><br \/>\n<span style=\"color: #000000;\">2 kg kartoffel<\/span><br \/>\n<span style=\"color: #000000;\">4 pkg. sauerkraut<\/span><br \/>\n<span style=\"color: #000000;\">zwiebel<\/span><br \/>\n<span style=\"color: #000000;\">speckwuerfel <\/span><br \/>\n<span style=\"color: #000000;\">suppenw\u00fcrfel <\/span><br \/>\n<span style=\"color: #000000;\">lorbeerbl\u00e4tter<\/span><br \/>\n<span style=\"color: #000000;\">wacholderbeeren<\/span><\/p>\n<p><span style=\"color: #000000;\">grammelschmalz erhitzen zwiebel anroesten, dann speckwuerfel anroesten, danach abgetropftes sauerkraut, suppenw\u00fcrfel, lorbeerbl\u00e4tterund wacholderbeeren dazugeben mit wasser aufgiessen und kochen lassen, kartoffel kochen, oel erhitzen und zwiebel anr\u00f6sten dann kartoffel schneiden dazugeben und anr\u00f6sten bis sie dunkel sindgrammelschmalz erhitzen blutwurst rein u. braten bis sie sch\u00f6n aufplatzt.<\/span><\/p>\n<p><strong><span style=\"color: #000000;\">nachspeise: bl\u00e4tterteigsterne mit erdbeerschlag<\/span><\/strong><\/p>\n<p><span style=\"color: #000000;\">bl\u00e4tterteig<\/span><br \/>\n<span style=\"color: #000000;\">erdbeeren<\/span><br \/>\n<span style=\"color: #000000;\">schlagobers<\/span><br \/>\n<span style=\"color: #000000;\">sahnesteif<\/span><\/p>\n<p><span style=\"color: #000000;\">sterne aus bl\u00e4tterteig ausstechen und ins vorgeheizte backrohr geben. genaue anweisung auf der packung.<\/span><br \/>\n<span style=\"color: #000000;\">erdbeeren mit stabmixer zermatschen schlagobers steif r\u00fchren u. sahnesteif dazugeben dann erdbeeren langsam unterheben.<\/span><br \/>\n<span style=\"color: #000000;\">erdbeerschlag zwischen 2 sterne pappen und servieren<\/span><\/p>\n<p><strong><span style=\"color: #000000;\">kritiken:<\/span><\/strong><br \/>\n<span style=\"color: #000000;\">es war irgendwie die generalprobe. blutwurst. jedoch zuvor kredenzte uns wojdel eine suppe aus karotten, die mich optisch sehr an die nahrung von leona im f\u00fcnften lebensmonat erinnerte. anfangs war ich eher skeptisch, doch durch die verfeinerung mit sauerrahm und etwas pfeffer war ich erstaunt \u00fcber diesen guten geschmack. als hauptgang kams dann kr\u00e4ftig. die blutwurst mit ger\u00f6stete und ausgezeichnetem sauerkraut!!!! passend zur musik von carcass mundete dieser gang wircklich ausgezeichnet. schwer, laut und blutig. bei der nachspeise wurde es wieder etwas &#8222;feiner&#8220;. bl\u00e4tterteigsterne mit erdbeer-sahne-creme, ein weiterer h\u00f6hepunkt. hoher s\u00e4ttigungswert und ein kulinarsch abwechslungsreicher abend.<\/span><br \/>\n<span style=\"color: #000000;\">fozzey<\/span><\/p>\n<p><span style=\"color: #000000;\">Carcass<\/span><br \/>\n<span style=\"color: #000000;\">Ein bunter Abend bei Fozzey Foz war angesagt, der t\u00e4uschend leicht mit einer harmlosen Karottensuppe eingeleitet wurde, der Ma\u00eetre Wojdel hatte uns mit der Men\u00fcf\u00fchrung n\u00e4mlich im Dunkel tappen lassen.<\/span><br \/>\n<span style=\"color: #000000;\">Bald jedoch war klar, dass die unschuldig k\u00fcrbissig-orange daherkommende Vorspeise nur ein Ausl\u00e4ufer des schweren Hauptspeisenbebens war, das (eigentlich nicht so) kurz darauf unsere Gaumen und Eingeweide freudig ersch\u00fctterte.<\/span><br \/>\n<span style=\"color: #000000;\">Sogar Skeptiker vom Kaliber eines Fisch ( &#8222;I brauch a Brot, sunst druck i des net duach!&#8220; ) wurden bekehrt und langten bei der klassischen Blunzn mit gr\u00f6sst&#8217;n Erd\u00e4pfeln und Sauerkraut t\u00fcchtig zu.<\/span><br \/>\n<span style=\"color: #000000;\">Wie die Sinuskurve kehrte die Leichtigkeit beim Dessert wieder ein in Form von Bl\u00e4tterteig und sahnegesteiftem Erdbeerschlag, der etwas an Unterzucker litt, aber sehr lecker, sicherlich. <\/span><br \/>\n<span style=\"color: #000000;\">Verdaulichkeit gut, vermutlich, w\u00e4ren da nicht diese Biere und Metaxas, die meine empirischen Messergebnisse sicherlich verf\u00e4lschten und mir noch am n\u00e4chsten Tag im Kopf und im Gekr\u00f6se herumgingen.<\/span><br \/>\n<span style=\"color: #000000;\">jo<\/span><\/p>\n<p><span style=\"color: #000000;\">Exhume to Consume<\/span><br \/>\n<span style=\"color: #000000;\">Z\u00e4umen wir das Pferd von hinten auf: Unser Bild des Jahres entstand zur mittern\u00e4chtlichen Stund`. Um Euch Frauen aller Welt jetzt schon Gusto zu machen, nur soviel: Die g\u00f6ttlichen cooks of grind-K\u00f6che mit entbl\u00f6\u00dften Oberk\u00f6rpern geschm\u00fcckt mit Leonas (Danke!) L\u00e4tzchen. Da wurdeModegeschichte geschrieben. A new Style is born.Jetzt zum Gekochtem: Wojdl zeichnet mit seinem Programm einen unvergessliches Men\u00fc in die Landkarte der Houte cuisine. Hipp und andere Babybrei-Hersteller k\u00f6nnen beim K\u00fcchenchef in Lehre gehen, was die Feinheit und Finesse von Karottensuppe betrifft.Dann die Blutwurst die selbst die ungl\u00e4ubigen (Normal iss jo sowas net!!) Sauluse zu bekennenden Pauluse macht.Ich durfte mir eine zweite (kleine) Portion genehmigen. Zum Schlu\u00df Bl\u00e4tterteig-Sternchen zum Tunken in Erdbeer-Creme. Lieber h\u00e4tte ich die Tunke ohne Sternchen ausgel\u00f6ffelt, da die Sterne trocken wie die Sahelzone waren.<\/span><br \/>\n<span style=\"color: #000000;\">rok<\/span><\/p>\n<p><span style=\"color: #000000;\">Carcass die erleuchtung<\/span><br \/>\n<span style=\"color: #000000;\">ich wusste, jetzt ist es gleich so weit. jetzt gibts gleich die blutwurst.<\/span><br \/>\n<span style=\"color: #000000;\">das ist jetzt also die richtige initiation ins universum der k\u00f6che. ein flaues gef\u00fchl bem\u00e4chtigte sich meiner magengegend. die pure angst stand mir -hoffentlich nicht- ins gesicht geschrieben. denn wer ein richtiger cook of grind sein will, darf sich keine bl\u00f6\u00dfe geben und kennt kein grausen.<\/span><br \/>\n<span style=\"color: #000000;\">wojdel kredenzte. ich bot alle meine kr\u00e4fte auf , \u00fcberwand meinen inneren vegetarischen schweinehund und langte zu.<\/span><br \/>\n<span style=\"color: #000000;\">und siehe da, ein warmes schaurig sch\u00f6nes gef\u00fchl durchwogte meinen k\u00f6rper.<\/span><br \/>\n<span style=\"color: #000000;\">nie zuvor hatte ich meiner irdischen h\u00fclle vergleichbares einverleibt.<\/span><br \/>\n<span style=\"color: #000000;\">nachschlag wojdel , bitte einen nachschlag sagte ich\u2026.<\/span><br \/>\n<span style=\"color: #000000;\">fisch <\/span><\/p>\n","protected":false},"excerpt":{"rendered":"<p>&nbsp; &nbsp; &nbsp; &nbsp; &nbsp; men\u00fc &#8222;carcass&#8220; (f\u00fcr\u00a0 5 personen u. einen dauergestressten fotografen auf durchgangsreise) koch: wojdel gastgeber: fozzey vorspeise: karottensuppe 1 kg karotten 2 becher sauerrahm&#8230;<\/p>\n","protected":false},"author":2,"featured_media":0,"parent":504,"menu_order":0,"comment_status":"closed","ping_status":"closed","template":"","meta":{"footnotes":""},"_links":{"self":[{"href":"https:\/\/www.cooksofgrind.org\/v11\/wp-json\/wp\/v2\/pages\/538"}],"collection":[{"href":"https:\/\/www.cooksofgrind.org\/v11\/wp-json\/wp\/v2\/pages"}],"about":[{"href":"https:\/\/www.cooksofgrind.org\/v11\/wp-json\/wp\/v2\/types\/page"}],"author":[{"embeddable":true,"href":"https:\/\/www.cooksofgrind.org\/v11\/wp-json\/wp\/v2\/users\/2"}],"replies":[{"embeddable":true,"href":"https:\/\/www.cooksofgrind.org\/v11\/wp-json\/wp\/v2\/comments?post=538"}],"version-history":[{"count":6,"href":"https:\/\/www.cooksofgrind.org\/v11\/wp-json\/wp\/v2\/pages\/538\/revisions"}],"predecessor-version":[{"id":1016,"href":"https:\/\/www.cooksofgrind.org\/v11\/wp-json\/wp\/v2\/pages\/538\/revisions\/1016"}],"up":[{"embeddable":true,"href":"https:\/\/www.cooksofgrind.org\/v11\/wp-json\/wp\/v2\/pages\/504"}],"wp:attachment":[{"href":"https:\/\/www.cooksofgrind.org\/v11\/wp-json\/wp\/v2\/media?parent=538"}],"curies":[{"name":"wp","href":"https:\/\/api.w.org\/{rel}","templated":true}]}}