{"id":545,"date":"2013-04-13T20:04:07","date_gmt":"2013-04-13T18:04:07","guid":{"rendered":"http:\/\/www.cooksofgrind.org\/v11\/?page_id=545"},"modified":"2018-04-27T08:59:39","modified_gmt":"2018-04-27T06:59:39","slug":"grind-cooking-14","status":"publish","type":"page","link":"https:\/\/www.cooksofgrind.org\/v11\/menus\/grind-cooking-14\/","title":{"rendered":".. grind cooking #14 .."},"content":{"rendered":"<p><img loading=\"lazy\" decoding=\"async\" class=\"alignleft size-full wp-image-741\" alt=\"grind1403\" src=\"https:\/\/www.cooksofgrind.org\/v11\/wp-content\/uploads\/grind1403.gif\" width=\"120\" height=\"149\" \/> <img loading=\"lazy\" decoding=\"async\" class=\"alignleft size-full wp-image-742\" alt=\"grind1404\" src=\"https:\/\/www.cooksofgrind.org\/v11\/wp-content\/uploads\/grind1404.gif\" width=\"120\" height=\"99\" \/> <img loading=\"lazy\" decoding=\"async\" class=\"alignleft size-full wp-image-743\" alt=\"grind1401\" src=\"https:\/\/www.cooksofgrind.org\/v11\/wp-content\/uploads\/grind1401.gif\" width=\"120\" height=\"148\" \/> <img loading=\"lazy\" decoding=\"async\" class=\"alignleft size-full wp-image-744\" alt=\"grind1402\" src=\"https:\/\/www.cooksofgrind.org\/v11\/wp-content\/uploads\/grind1402.gif\" width=\"120\" height=\"142\" \/><\/p>\n<p>&nbsp;<\/p>\n<p>&nbsp;<\/p>\n<p>&nbsp;<\/p>\n<p>&nbsp;<\/p>\n<p>&nbsp;<\/p>\n<p>&nbsp;<\/p>\n<p>&nbsp;<\/p>\n<p><strong><span style=\"color: #000000;\">men\u00fc &#8222;Dr. Sommer&#8220;<\/span><\/strong><\/p>\n<p><span style=\"color: #000000;\">Koch: rok<\/span><br \/>\n<span style=\"color: #000000;\">Gastgeber: Fisch<\/span><\/p>\n<p><strong><span style=\"color: #000000;\">Cocktail Heroin f\u00fcr Arme<\/span><\/strong><\/p>\n<p><span style=\"color: #000000;\">Kokosflocken oder Mandelkokosmischung (aus der Backabteilung)<\/span><br \/>\n<span style=\"color: #000000;\">Staubzucker<\/span><br \/>\n<span style=\"color: #000000;\">Fernet<\/span><\/p>\n<p><span style=\"color: #000000;\">Kokosflocken und Staubzucker gut durchgemischt auf einen Suppenl\u00f6ffel drapieren. Einen Schuss Fernet dr\u00fcberlaufen lassen. Fertig.<\/span><\/p>\n<p><strong><span style=\"color: #000000;\">Vorspeise Gazpacho (Kalte Paradeisersuppe)<\/span><\/strong><\/p>\n<p><span style=\"color: #000000;\">10 \u2013 15 Paradeiser<\/span><br \/>\n<span style=\"color: #000000;\">2 Gurken<\/span><br \/>\n<span style=\"color: #000000;\">2 gelbe oder rote Paprika<\/span><br \/>\n<span style=\"color: #000000;\">Salz<\/span><br \/>\n<span style=\"color: #000000;\">Basilikum<\/span><br \/>\n<span style=\"color: #000000;\">Schnittlauch<\/span><br \/>\n<span style=\"color: #000000;\">Semmelw\u00fcrfel<\/span><br \/>\n<span style=\"color: #000000;\">Oliven\u00f6l<\/span><\/p>\n<p><span style=\"color: #000000;\">Paradeiser und Gurken w\u00fcrfelig schneiden, mit zerkleinertem Paprika passieren. Mit Salz und Basilikum w\u00fcrzen. Semmelw\u00fcrfel in Oliven\u00f6l leicht anr\u00f6sten. In einer gro\u00dfen Sch\u00fcssel mit den dar\u00fcbergestreuten Semmelw\u00fcrfeln und Schnittlauch servieren.<\/span><\/p>\n<p><strong><span style=\"color: #000000;\">Hauptspeise Braterd\u00e4pfel mit Dillso\u00dfe<\/span><\/strong><\/p>\n<p><span style=\"color: #000000;\">10 kg Erd\u00e4pfel<\/span><br \/>\n<span style=\"color: #000000;\">Oliven\u00f6l<\/span><br \/>\n<span style=\"color: #000000;\">Dille<\/span><br \/>\n<span style=\"color: #000000;\">2 Becher Sauerrahm<\/span><br \/>\n<span style=\"color: #000000;\">Salz<\/span><br \/>\n<span style=\"color: #000000;\">Mehl<\/span><\/p>\n<p><span style=\"color: #000000;\">Erd\u00e4pfel mit Schale in Scheiben schneiden. Auf einge\u00f6ltes Backblech legen. Bei 200 Grad ca. 20min braten. Dille klein hacken. In einer Pfanne etwas \u00d6l erhitzen und mit etwas Mehl binden. In die Einbrenn Sauerrahm einr\u00fchren und Dille beimengen. Salzen.<\/span><\/p>\n<p><strong><span style=\"color: #000000;\">Nachspeise Opium f\u00fcr Arme<\/span><\/strong><\/p>\n<p><span style=\"color: #000000;\">Gemahlener Mohn<\/span><br \/>\n<span style=\"color: #000000;\">Oblaten (oder gefladerte Hostien)<\/span><br \/>\n<span style=\"color: #000000;\">Schokoso\u00dfe<\/span><\/p>\n<p><span style=\"color: #000000;\">Auf die Oblate kommt in Lagen Mohn und Schokoso\u00dfe. Dann weitere Oblate als Deckel verwenden. Mit Mohn ein H\u00e4ufchen bilden. Dann eine Oblatte vertikal hineinstecken.<\/span><\/p>\n<p><strong><span style=\"color: #000000;\">Kritiken:<\/span><\/strong><\/p>\n<p><span style=\"color: #000000;\">Oder sollen wir Sie lieber Pater Sommer nennen? <\/span><br \/>\n<span style=\"color: #000000;\">Die Schluckimpfung nahmen wir dem\u00fctig entgegen, eine Metamahlzeit quasi, kaum war sie da, war sie auch schon in unserem Schlund verschwunden, essen ohne zu essen, da helfen auch keine magischen Kr\u00e4fte. Satt machte uns auch das spanische S\u00fcppchen, als Vorspeise getarnt, nicht. Nach einem H\u00e4ufchen Grundbirnen mit Tunke war sp\u00e4testens beim Dessert klar, es sollte ein Abend voller Entbehrungen werden, f\u00fcnf arme, hungrige B\u00fc\u00dfer und ein Koch, der f\u00fcr den Kopf kocht und nicht f\u00fcr den Pansen (hatte er sich in aller Heimlichkeit etwa schon vorher den Wanst vollgeschlagen?), womit hatten wir das verdient? Waren wir etwa s\u00e4umig beim Versenden unserer Zensuren? Wollte unser gestrenger Heimseitenh\u00fcter uns also gemahnen, uns in Zukunft mehr unseres Kopfes als unseres Gekr\u00f6ses zu entsinnen? Sollte uns der Leib Christi \u00fcber erlittene Unbill hinwegtr\u00f6sten? Der Weihrauch tat es zumindest&#8230;..<\/span><br \/>\n<span style=\"color: #000000;\">&#8230;&#8230;&#8230;jo<\/span><\/p>\n<p><span style=\"color: #000000;\">kunstanspruch: sehr gut<\/span><br \/>\n<span style=\"color: #000000;\">idee und umsetzung: sehr gut<\/span><br \/>\n<span style=\"color: #000000;\">leibes\u00fcbungen (entspricht s\u00e4ttigungsfaktor): gut<\/span><br \/>\n<span style=\"color: #000000;\">betragen (als co-host): zufriedenstellend<\/span><br \/>\n<span style=\"color: #000000;\">vier pfoten faktor (vormals totes tier bonus): nicht gen\u00fcgend<\/span><br \/>\n<span style=\"color: #000000;\">genussfaktor: gut<\/span><br \/>\n<span style=\"color: #000000;\">musikalische gestaltung: sehr hart<\/span><br \/>\n<span style=\"color: #000000;\">john<\/span><\/p>\n<p><span style=\"color: #000000;\">Was hat sich meister rok da einfallen lassen? H\u00e4lt er uns f\u00fcr junkies denen er die sucht mit falschem gift austreiben will? Oder doch f\u00fcr vegetarier denen es gilt diese schlechte angewohnheit mit kalter suppe aus paradeisern abzugew\u00f6hnen? Oder entsprang diese men\u00fcwahl dem alptraum eines ministrierenden jungscharf\u00fchres dem seine sch\u00e4fchen abhanden zu kommen drohen und der jetzt mit allen mitteln versucht sie gef\u00fcgig zu machen?<\/span><br \/>\n<span style=\"color: #000000;\">Wie auch immer- ein lob seiner creativen intention.<\/span><br \/>\n<span style=\"color: #000000;\">fisch<\/span><\/p>\n<p><span style=\"color: #000000;\">Essen f\u00fcr Arme<\/span><br \/>\n<span style=\"color: #000000;\">Eine neue Form des Minimalismus die uns unser Chef Rok als Vorspeise servierte.<\/span><br \/>\n<span style=\"color: #000000;\">Beim eigent\u00fcmlichen Geschmack des Heroins f\u00fcr Arme ist auch die Suchtgefahr eher gering. Sollte man vielleicht statt Methadon probieren, funktioniert garantiert ohne Entzugserscheinungen.<\/span><br \/>\n<span style=\"color: #000000;\">Das spanische kalte S\u00fcppchen jedoch kann ich nur als sehr lecker bezeichnen. Braterd\u00e4pfel mit Dillsauce waren ok , aber nicht herausragend. Sp\u00e4testen beim Dessert hatte ich den Eindruck, dass unser Rok an diesem Tag zu faul zum Kochen war, vielleicht war das auch der Grund warum der an diesem Tag erschiene Gastesser sich nie mehr blicken lie\u00df. Ich jedenfalls hatte das Gl\u00fcck, dass der alte Austernluis mich noch auf die Alm lockte, denn dort konnte ich mir <\/span><br \/>\n<span style=\"color: #000000;\">die letzten Mohnkr\u00fcmel mit Bier aus dem Mund sp\u00fclen.<\/span><br \/>\n<span style=\"color: #000000;\">Wojdel <\/span><\/p>\n","protected":false},"excerpt":{"rendered":"<p>&nbsp; &nbsp; &nbsp; &nbsp; &nbsp; &nbsp; &nbsp; men\u00fc &#8222;Dr. Sommer&#8220; Koch: rok Gastgeber: Fisch Cocktail Heroin f\u00fcr Arme Kokosflocken oder Mandelkokosmischung (aus der Backabteilung) Staubzucker Fernet Kokosflocken und&#8230;<\/p>\n","protected":false},"author":2,"featured_media":0,"parent":504,"menu_order":0,"comment_status":"closed","ping_status":"closed","template":"","meta":{"footnotes":""},"_links":{"self":[{"href":"https:\/\/www.cooksofgrind.org\/v11\/wp-json\/wp\/v2\/pages\/545"}],"collection":[{"href":"https:\/\/www.cooksofgrind.org\/v11\/wp-json\/wp\/v2\/pages"}],"about":[{"href":"https:\/\/www.cooksofgrind.org\/v11\/wp-json\/wp\/v2\/types\/page"}],"author":[{"embeddable":true,"href":"https:\/\/www.cooksofgrind.org\/v11\/wp-json\/wp\/v2\/users\/2"}],"replies":[{"embeddable":true,"href":"https:\/\/www.cooksofgrind.org\/v11\/wp-json\/wp\/v2\/comments?post=545"}],"version-history":[{"count":5,"href":"https:\/\/www.cooksofgrind.org\/v11\/wp-json\/wp\/v2\/pages\/545\/revisions"}],"predecessor-version":[{"id":1018,"href":"https:\/\/www.cooksofgrind.org\/v11\/wp-json\/wp\/v2\/pages\/545\/revisions\/1018"}],"up":[{"embeddable":true,"href":"https:\/\/www.cooksofgrind.org\/v11\/wp-json\/wp\/v2\/pages\/504"}],"wp:attachment":[{"href":"https:\/\/www.cooksofgrind.org\/v11\/wp-json\/wp\/v2\/media?parent=545"}],"curies":[{"name":"wp","href":"https:\/\/api.w.org\/{rel}","templated":true}]}}