{"id":551,"date":"2013-04-13T20:07:02","date_gmt":"2013-04-13T18:07:02","guid":{"rendered":"http:\/\/www.cooksofgrind.org\/v11\/?page_id=551"},"modified":"2018-04-27T08:59:57","modified_gmt":"2018-04-27T06:59:57","slug":"grind-cooking-16","status":"publish","type":"page","link":"https:\/\/www.cooksofgrind.org\/v11\/menus\/grind-cooking-16\/","title":{"rendered":".. grind cooking #16 .."},"content":{"rendered":"<p><img loading=\"lazy\" decoding=\"async\" class=\"alignleft size-full wp-image-754\" alt=\"grind16001\" src=\"https:\/\/www.cooksofgrind.org\/v11\/wp-content\/uploads\/grind16001.gif\" width=\"120\" height=\"80\" \/> <img loading=\"lazy\" decoding=\"async\" class=\"alignleft size-full wp-image-755\" alt=\"grind16007\" src=\"https:\/\/www.cooksofgrind.org\/v11\/wp-content\/uploads\/grind16007.gif\" width=\"120\" height=\"81\" \/> <img loading=\"lazy\" decoding=\"async\" class=\"alignleft size-full wp-image-756\" alt=\"grind16013\" src=\"https:\/\/www.cooksofgrind.org\/v11\/wp-content\/uploads\/grind16013.gif\" width=\"120\" height=\"82\" \/><\/p>\n<p>&nbsp;<\/p>\n<p>&nbsp;<\/p>\n<p>&nbsp;<\/p>\n<p>&nbsp;<\/p>\n<p><strong><span style=\"color: #000000;\">men\u00fc &#8222;eurofighter&#8220;<\/span><\/strong><\/p>\n<p><span style=\"color: #000000;\">koch: wojdel und giovanni<\/span><br \/>\n<span style=\"color: #000000;\">host: fozzey<\/span><\/p>\n<p><strong><span style=\"color: #000000;\">vorspeise\u00a0falsche schinkenrolle mit ribiselmischung<\/span><\/strong><\/p>\n<p><span style=\"color: #000000;\">zutaten: <\/span><br \/>\n<span style=\"color: #000000;\">leberk\u00e4se in d\u00fcnne scheiben geschnitten<\/span><br \/>\n<span style=\"color: #000000;\">gabelbissen<\/span><br \/>\n<span style=\"color: #000000;\">adabei ribiselwein<\/span><br \/>\n<span style=\"color: #000000;\">radenska<\/span><\/p>\n<p><span style=\"color: #000000;\">gabelbissen aus der plastikverpackung in eine sch\u00fcssel geben und gut verr\u00fchren. fertige masse dann auf die l-k\u00e4sescheiben<\/span><br \/>\n<span style=\"color: #000000;\">geben und einrollen. mit zahnstochern zusammenspie\u00dfen, fertig. ribiselwein mit radenska halbe halbe mischen.<\/span><\/p>\n<p><strong><span style=\"color: #000000;\">hauptgang bernerw\u00fcrstel mit backrohrpommes, zwiebelsauce und pusztasalat, dazu spezi.<\/span><\/strong><\/p>\n<p><span style=\"color: #000000;\">zutaten:<\/span><br \/>\n<span style=\"color: #000000;\">frankfurter<\/span><br \/>\n<span style=\"color: #000000;\">emmentaler<\/span><br \/>\n<span style=\"color: #000000;\">speck<\/span><br \/>\n<span style=\"color: #000000;\">backrohrpommes<\/span><br \/>\n<span style=\"color: #000000;\">pusztasalat<\/span><br \/>\n<span style=\"color: #000000;\">zwiebel<\/span><br \/>\n<span style=\"color: #000000;\">senf<\/span><br \/>\n<span style=\"color: #000000;\">ketchup<\/span><br \/>\n<span style=\"color: #000000;\">cola<\/span><br \/>\n<span style=\"color: #000000;\">fanta<\/span><br \/>\n<span style=\"color: #000000;\">tabasco<\/span><\/p>\n<p><span style=\"color: #000000;\">frankfurter in der mitte einschneiden, k\u00e4sestreifen einschieben und mit speckscheiben umwickeln. dann in fett herausbraten, wenn der k\u00e4s sch\u00f6n braun ist sind sie fertig. backrohrpommes (am besten mc cain) aus der verpackung nehmen und sich entsprechend der daraufstehenden anweisung verhalten. zwiebel klein schneiden und mit senf und ketchup vermischen, tabasco<\/span><br \/>\n<span style=\"color: #000000;\">je nach gew\u00fcnschtem harteburschenfaktor beimengen, das gilt auch f\u00fcr den pusztasalat. cola und fante halbe halbe mischen.<\/span><\/p>\n<p><strong><span style=\"color: #000000;\">nachspeise apfelnockerl flambiert<\/span><\/strong><\/p>\n<p><span style=\"color: #000000;\">zutaten:<\/span><br \/>\n<span style=\"color: #000000;\">\u00e4pfel<\/span><br \/>\n<span style=\"color: #000000;\">250 griffiges mehl<\/span><br \/>\n<span style=\"color: #000000;\">40 g butter fl\u00fcssig<\/span><br \/>\n<span style=\"color: #000000;\">salz<\/span><br \/>\n<span style=\"color: #000000;\">milch nach bedarf<\/span><br \/>\n<span style=\"color: #000000;\">1 ei<\/span><br \/>\n<span style=\"color: #000000;\">bacardi<\/span><\/p>\n<p><span style=\"color: #000000;\">\u00e4pfel reiben und in butter leicht anr\u00f6sten. mehl, butter, salz, ei und milch zu teig vermischen und mit einem nockerlhobel in kochendes salzwasser geben. 10 min kochen lassen, im kalten wasser abschrecken und abseihen. nockerl in die pfanne mit den \u00e4pfeln geben und vermischen. auf teller geben, bacardi dr\u00fcbersch\u00fctten anz\u00fcnden: fertig<\/span><\/p>\n<p><strong><span style=\"color: #000000;\">kritiken:<\/span><\/strong><\/p>\n<p><span style=\"color: #000000;\">eurofighter f\u00fcr die w\u00fcrstel<\/span><br \/>\n<span style=\"color: #000000;\">die heimsuchung der maitres wojdel und giovanni. will man seine gegner bezwingen, fahre man schwere gesch\u00fctze in form dieser menuekombination auf. ein gl\u00e4schen ribiselmischung, eigentlich ein klassisches damengetr\u00e4nk, dazu eine in \u00e4hnlicher optik bereits von mir gereichtes r\u00f6llchen. diesmal genannt falsche schinkenrolle.<\/span><br \/>\n<span style=\"color: #000000;\">diese entpuppte sich bei n\u00e4herer betrachtung aber als leberk\u00e4se-imitat in form eines gef\u00fcllten neuburgers. besonders raffiniert die als majon\u00e4sesalatersatz eingearbeiteten gabelbissen. der freibadklassiker , das bernerw\u00fcrstel eine spur zu hei\u00df angebraten, pommes knusprig wie es sich geh\u00f6rt. in kombination mit spezi befl\u00fcgelt dieses gericht durchaus unsere, bei einigen immer noch sehr kindliche, fantasie. neue formen der wurstverarbeitung wurden entwickelt. beispielsweise in kleine hunde oder schweine als kuscheltierersatz und zur konditionierung des nachwuchses zu braven wurstverzehrern. leckere apfelnockerln mehr als reichlich flambiert von hrn. giovanni bilden den abschluss dieses dinners.<\/span><br \/>\n<span style=\"color: #000000;\">die verheerende wirkung des men\u00fc&#8217;s zeigt sich wie bei vielen biologischen kampfstoffen aber erst stunden sp\u00e4ter. schlaflosigkeit und vermehrte frequentierung der toilettenanlage seien hier noch als die harmloseren auswirkungen aufgez\u00e4hlt.<\/span><br \/>\n<span style=\"color: #000000;\">fisch<\/span><\/p>\n<p><span style=\"color: #000000;\">Max und Moritz<\/span><br \/>\n<span style=\"color: #000000;\">Er\u00f6ffnet wurde dieses 3g\u00e4ngige Men\u00fc von einer etwas aussergew\u00f6hnlichen Roulade &#8211; Gem\u00fcsegabelbissen umrollt von einem halben Zentimeter dick geschnittenen Neuburger. Mundete wie ein Schweizer Wurstsalat &#8211; schlicht und reichlich. Als Aperitif wurde uns eine Ribiselmischung kredenzt. <\/span><br \/>\n<span style=\"color: #000000;\">Fortgef\u00fchrt wurde diese lukullische Reise mit einem Max und Moritz (Bernerw\u00fcrstel mit Fritten). Wobei zu erw\u00e4hnen w\u00e4re, dass sich die beiden Reisef\u00fchrer Giovanni und Woidl keine Bl\u00f6\u00dfe gaben und den Max und den Moritz eigenh\u00e4ndig mit K\u00e4se f\u00fcllten um beide folglich mit einem zart geschnittenen St\u00fcck Speck zu umh\u00fcllen.. Das Spezi vervollst\u00e4ndigte das Kindermen\u00fc. Ein Highlight an diesem Abend.<\/span><br \/>\n<span style=\"color: #000000;\">Zum Abrunden servierte uns Giovanni eine umwerfende Kreation aus Mehlnockerl, gebratenen \u00c4pfeln und Schnaps \u2013 die sogenannten flambierten Apfelspatzen. Feurig zu Beginn und rund beim Abgang. Schlicht hin das Highlight an diesem Abend.<\/span><br \/>\n<span style=\"color: #000000;\">G\u00fc<\/span><\/p>\n<p><span style=\"color: #000000;\">BH: Busenhalter, Bundesheer und Bezirkshauptmannschaft<\/span><br \/>\n<span style=\"color: #000000;\">Zivildiener und Mamas\u00f6hnchen aufgepa\u00dft! Giovanni, frisch gebackener (?) Papa und Wojdel, Papa aus Leidenschaft, bildeten f\u00fcr diesen internationalen Einsatz das Kampfkommando \u201ePinocchio\u201c. Die gute alte \u00f6sterreichische Verteidigungstaktik des Partisanenkrieges, strategisch aufgemotzt mit Kantinengerichten, die dem hungernden Feind den Duft unter die Nase reibt und die Augen \u00fcbergehen l\u00e4sst, wurde erfolgreich angewendet. Ein Soldat erschien erst unter strenger Ermahnung des Feldwebels Scherz zum Morgenrapport. Dann ging es zackig los. Erste Bew\u00e4hrung im Gefecht: Eine ehrliche, weil falsche Schinkenrolle. Doch die konnte nur unter Einsatz des Pioniers Gefreiter Fisch, der quasi in letzter Sekunde die Zahnstocher zur Bew\u00e4hrung des instabilen Konstrukts aus Sagen-Sie-niemals-Leberk\u00e4se-zu-ihm! und Gabelbissen vorbeibrachte, siegreich verzehrt werden. Dann gehen die Burschen in die Offensive: Kindergeburtstag mit leuchtenden M\u00e4nneraugen, Berner W\u00fcrstel und Pommes. St\u00e4rkt die Moral der Truppe und schmeckt vorz\u00fcglich. Die Eroberung erfolgt schlie\u00dflich mit den Apfelnockerln. Unter Einsatz des modernsten Kriegsger\u00e4tes, der Nockerlreibe entsteht eine flockig-leichte Nockerlmasse \u2013 leider eine wenig zu weich geraten \u2013, die gemischt mit den musigen \u00c4pfeln und Zucker serviert wird. Und weil in der Liebe und im Krieg alles erlaubt ist, wendet Giovanni noch die \u201eVerbrannte Erde\u201c-Methode an und flambiert auf Teufel komm raus. Jungk\u00f6che Erich und G\u00fc k\u00f6nnen nur fassungslos zuschauen wie die Cog-Gener\u00e4le das vernichtende Flammenmeer souver\u00e4n durch Alkoholnachgabe immer wieder auflodern lassen. Der Zapfenstreich wird vom Charge vom Dienst Fredi geblasen. Aber da sind einige m\u00fcde Krieger bereits beim Pornokanalschauen eingenickt \u2026<\/span><br \/>\n<span style=\"color: #000000;\">rok<\/span><\/p>\n<p><span style=\"color: #000000;\">Wer nicht kommt zur grinden Zeit<\/span><br \/>\n<span style=\"color: #000000;\">Fast wie in Trance dieser Abend, das Telefon st\u00f6rt beim Vordemfernsehereinschlafen, ein Garaus der Gem\u00fctlichkeit: die Pflicht ruft, es gilt zu schmecken, was der stra\u00dfenbauerische Ingenieur und sein Bua ausheckten. Wohlan, zu Meister Fozz die Reise geht, geschwind, die Gesellen harren schon aber ich, voll des Magens, h\u00e4tt ich doch nicht gevespert. Die spanische Inquisition wartete schon, materialisierte sich dick im Leberk\u00e4s, es muss, es muss&#8230;.Hurtig die Sp\u00fclung, welch Wohltat, der Geschmack der Jugend, das Feuerwehrfest, zwei Liter vor dem Vomitieren.<\/span><br \/>\n<span style=\"color: #000000;\">Doch noch ist nicht aller Torturen Abend, ich soll auch diese zwei genie\u00dfen, welche Berner Max und Pommes Moritz hie\u00dfen. Mit Pusztakraut und Zwiebelschick verscheuchst du jeden Lodenfreak&#8230;durchhalten die Devise, der Spezi wird&#8217;s schon richten, die Fettmolek\u00fcle spalten und colazuckrig V\u00f6llegef\u00fchl vernichten.<\/span><br \/>\n<span style=\"color: #000000;\">Am Ende meiner Kr\u00e4fte sah ich das Fegefeuer lodern, b\u00fc\u00dfen musst du dein Vers\u00e4umnis, bei\u00df hinein, schmeck die Verdammnis \u2026 doch halt! Der Himmel tut sich auf \u2026<\/span><br \/>\n<span style=\"color: #000000;\">joe<\/span><\/p>\n","protected":false},"excerpt":{"rendered":"<p>&nbsp; &nbsp; &nbsp; &nbsp; men\u00fc &#8222;eurofighter&#8220; koch: wojdel und giovanni host: fozzey vorspeise\u00a0falsche schinkenrolle mit ribiselmischung zutaten: leberk\u00e4se in d\u00fcnne scheiben geschnitten gabelbissen adabei ribiselwein radenska gabelbissen aus&#8230;<\/p>\n","protected":false},"author":2,"featured_media":0,"parent":504,"menu_order":0,"comment_status":"closed","ping_status":"closed","template":"","meta":{"footnotes":""},"_links":{"self":[{"href":"https:\/\/www.cooksofgrind.org\/v11\/wp-json\/wp\/v2\/pages\/551"}],"collection":[{"href":"https:\/\/www.cooksofgrind.org\/v11\/wp-json\/wp\/v2\/pages"}],"about":[{"href":"https:\/\/www.cooksofgrind.org\/v11\/wp-json\/wp\/v2\/types\/page"}],"author":[{"embeddable":true,"href":"https:\/\/www.cooksofgrind.org\/v11\/wp-json\/wp\/v2\/users\/2"}],"replies":[{"embeddable":true,"href":"https:\/\/www.cooksofgrind.org\/v11\/wp-json\/wp\/v2\/comments?post=551"}],"version-history":[{"count":6,"href":"https:\/\/www.cooksofgrind.org\/v11\/wp-json\/wp\/v2\/pages\/551\/revisions"}],"predecessor-version":[{"id":1019,"href":"https:\/\/www.cooksofgrind.org\/v11\/wp-json\/wp\/v2\/pages\/551\/revisions\/1019"}],"up":[{"embeddable":true,"href":"https:\/\/www.cooksofgrind.org\/v11\/wp-json\/wp\/v2\/pages\/504"}],"wp:attachment":[{"href":"https:\/\/www.cooksofgrind.org\/v11\/wp-json\/wp\/v2\/media?parent=551"}],"curies":[{"name":"wp","href":"https:\/\/api.w.org\/{rel}","templated":true}]}}