{"id":558,"date":"2013-04-13T20:10:56","date_gmt":"2013-04-13T18:10:56","guid":{"rendered":"http:\/\/www.cooksofgrind.org\/v11\/?page_id=558"},"modified":"2018-04-27T09:00:45","modified_gmt":"2018-04-27T07:00:45","slug":"grind-cooking-18","status":"publish","type":"page","link":"https:\/\/www.cooksofgrind.org\/v11\/menus\/grind-cooking-18\/","title":{"rendered":".. grind cooking #18 .."},"content":{"rendered":"<p align=\"left\"><img loading=\"lazy\" decoding=\"async\" class=\"alignleft size-full wp-image-766\" alt=\"grind1801\" src=\"https:\/\/www.cooksofgrind.org\/v11\/wp-content\/uploads\/grind1801.jpg\" width=\"120\" height=\"142\" \/> <img loading=\"lazy\" decoding=\"async\" class=\"alignleft size-full wp-image-767\" alt=\"grind1805\" src=\"https:\/\/www.cooksofgrind.org\/v11\/wp-content\/uploads\/grind1805.jpg\" width=\"120\" height=\"143\" \/> <img loading=\"lazy\" decoding=\"async\" class=\"alignleft size-full wp-image-768\" alt=\"grind1803\" src=\"https:\/\/www.cooksofgrind.org\/v11\/wp-content\/uploads\/grind1803.jpg\" width=\"120\" height=\"142\" \/><\/p>\n<p align=\"left\"><strong><span style=\"color: #000000;\">men\u00fc &#8222;black maronis in the hour of chaos&#8220; bzw. &#8222;ein schwarzer tag in der geschichte der CoG&#8220;<\/span><\/strong><\/p>\n<p align=\"left\"><span style=\"color: #000000;\">koch: Fisch und G\u00fc<\/span><br \/>\n<span style=\"color: #000000;\">host: Joe<\/span><\/p>\n<p><strong><span style=\"color: #000000;\">vorspeise apfelkren und kakao<\/span><\/strong><\/p>\n<p align=\"left\"><span style=\"color: #000000;\">\u00a0<\/span><\/p>\n<p align=\"left\"><strong><span style=\"color: #000000;\">hauptspeise braunschweiger mit linsensauce<\/span><\/strong><\/p>\n<p align=\"left\"><span style=\"color: #000000;\">\u00a0<\/span><\/p>\n<p align=\"left\"><strong><span style=\"color: #000000;\">dessert maroni<\/span><\/strong><\/p>\n<p align=\"left\"><span style=\"color: #000000;\">\u00a0<\/span><\/p>\n<p align=\"left\"><span style=\"color: #000000;\">zutaten und rezepturen sind uns die herren bis heute (verst\u00e4ndlicherweise) schuldig geblieben.<\/span><\/p>\n<p align=\"left\"><span style=\"color: #000000;\">\u00a0<\/span><\/p>\n<p align=\"left\"><span style=\"color: #000000;\">\u00a0<\/span><\/p>\n<p align=\"left\"><strong><span style=\"color: #000000;\">kritiken:<\/span><\/strong><\/p>\n<p align=\"left\"><span style=\"color: #000000;\">\u00a0<\/span><\/p>\n<p align=\"left\"><span style=\"color: #000000;\">m\u00f6glicherweise k\u00f6nnte sich das missgeschick, welches fisch unterlief, doch enorm unvorteilhaft auf seine emotionale verfassung an diesem abend ausgewirkt haben. es d\u00fcrfte also ein direkter zusammenhang zwischen dem ramponierten strassenstipfl, dem kratzer auf der goldlackierung seines legend\u00e4ren volvo\u00b4s und dem ergebnis seiner kochkunst bestehen. dies k\u00f6nnte der prim\u00e4re grund gewesen sein, dass diese veranstaltung vom grindcooking zum grantcooking mutierte. denkbar w\u00e4re aber auch, dass dies alles beabsichtigt war und fisch uns seine auffassung von grindcooking erl\u00e4utern wollte. insofern k\u00f6nnte sogar der interessant rauchige beigeschmack der linsen eine vors\u00e4tzliche provokation gewesen sein. vermutlich d\u00fcrften wir den missgelaunten fisch mit unserer undankbarkeit und unserem unverst\u00e4ndnis obendrein auch noch beleidigt haben. waren die als dessert dargebotenen, halbgaren maroni daraufhin die (un)gerechte strafe? viele fragen, noch keine antworten.<\/span><br \/>\n<span style=\"color: #000000;\">john<\/span><\/p>\n<p><span style=\"color: #000000;\">Das verlorene Men\u00fc<\/span><br \/>\n<span style=\"color: #000000;\">Schwer taten sie sich, das Kind beim Namen zu nennen, denn siehe, das Kind war missraten. Gezeugt mit Hingabe und Inspiration brachten es die Handlanger im Garten Eden zur Welt. Fruchtig-s\u00e4uerlich wuchs es gen den Gaumen heran und ward uns allen ein Wohlgefallen. Jedoch die zarte Knospe seiner Adoleszenz ward alsbald fahl, als es in seiner braunen Linsenpracht von den heidnischen Gesellen G\u00fc und Fisch, die wieder einmal dem Flascheng\u00f6tzen zu G\u00f6ss fr\u00f6nten, str\u00e4flich vernachl\u00e4ssigt, am Feuer allzu anbriet und hienach von nicht wenigen verschm\u00e4ht ward, jedoch v\u00f6llig zu unrecht, wie wir befinden. Am Ende blieb nur noch, alle Indizien zu vernichten und die geschundene Kreatur den Flammen zu \u00fcberantworten, sie ruhe in Frieden, auf welchem Biom\u00fcll sie auch faulen mag.<\/span><br \/>\n<span style=\"color: #000000;\">Amen, jo<\/span><\/p>\n<p><span style=\"color: #000000;\">Down to earth.<\/span><br \/>\n<span style=\"color: #000000;\">Gut. Es gibt so was wie absichtliche Grindigkeit mit Kultfaktor, den reflektierten schlechten Geschmack, den man durchaus in unseren Kreisen pflegt! Man k\u00f6nnte es auch als Pech abtun und sagen: \u201eEs war weder Fischens noch G\u00fcs Tag. Aber dieses Essen, brachte uns unserem Level n\u00e4her als gew\u00fcnscht. Die Konzeption der Men\u00fcfolge war eigentlich recht interessant und man h\u00e4tte durchaus was draus machen k\u00f6nnen. Die Vorspeise Apfelkrenn und Kakao war lustig kombiniert und versprach Genuss. Dieser hielt sich aber in Grenzen. Das Hauptgericht schmeckte nach Gef\u00e4ngnisk\u00fcche der \u00fcbelsten Sorte. Eine echte Strafe, die wassrige, lauwarme Wurst und die angebrannten Linsen serviert f\u00fcr uns Unschuldige. Fisch und Assistent G\u00fc wolltens dann mit Hofer-Maroni an diesem feuchten Herbstabend wieder gutmachen. Nur war der Hunger der Festg\u00e4ste viel zu gro\u00df, weil jeder vorher aus logischen Gr\u00fcnden nur ein Pflichtpatzerl a\u00df, als sie die wenigen halbwarmen Kastanien die nicht explodierten, s\u00e4ttigen h\u00e4tten k\u00f6nnen. Zur Bu\u00dfe empfehle ich den beiden Herrn zwei bis drei Trainingseinheiten bei K\u00fcchenchef John.<\/span><br \/>\n<span style=\"color: #000000;\">rok<\/span><\/p>\n<p><span style=\"color: #000000;\">Die Best\u00e4tigung meiner Prognose<\/span><br \/>\n<span style=\"color: #000000;\">Mir war klar, dass die von John gelegte Latte, f\u00fcr uns Kochlehrlinge, sehr hoch war, aber ein solcher Qualit\u00e4tsquantensprung kam auch f\u00fcr mich unerwartet.<\/span><br \/>\n<span style=\"color: #000000;\">Die Vorspeise, Sauerkrautsalat, war ja noch essbar, aber was darauf folgte, zeigte die Grenzen einiger COG doch auf allzu deutliche Weise auf. Der verbrannte Linsentopf rief in mir die schauderlichsten Internatsk\u00fcchenerinnerungen zur\u00fcck. Bei der Brandi kann man ja dann wirklich nichts falsch machen. Was unsere 2 Zauberlehrlinge aber beim Kastanienbraten anstellten, war f\u00fcr mich die gr\u00f6\u00dfte Entt\u00e4uschung, da\u00df n\u00e4mlich 2 s\u00fcdsteirische Bauernbuben keine Ahnung vom Kastanienbraten haben, war nicht zu erwarten. Von diesem Schandmahl geschw\u00e4cht, war ich nicht einmal in der Lage, zu meinem Maturatreffen zu gehen, denn das w\u00e4re zuviel der Erinnerung an eine, Gott sei dank, lange vergangene Zeit gewesen und f\u00fcr meine angegriffenen Magennerven zuviel der Belastung. Nur verst\u00e4ndlich, dass unser Chef einige Tage sp\u00e4ter, den von mir aufs strikteste zur\u00fcckgewiesenen Vorschlag machte, nur mehr John kochen zu lassen, aber meiner Meinung nach haben auch die schlechtesten K\u00f6che ein Recht darauf uns ihren Fra\u00df vorzusetzen. <\/span><br \/>\n<span style=\"color: #000000;\">wojdel<\/span><\/p>\n","protected":false},"excerpt":{"rendered":"<p>men\u00fc &#8222;black maronis in the hour of chaos&#8220; bzw. &#8222;ein schwarzer tag in der geschichte der CoG&#8220; koch: Fisch und G\u00fc host: Joe vorspeise apfelkren und kakao \u00a0&#8230;<\/p>\n","protected":false},"author":2,"featured_media":0,"parent":504,"menu_order":0,"comment_status":"closed","ping_status":"closed","template":"","meta":{"footnotes":""},"_links":{"self":[{"href":"https:\/\/www.cooksofgrind.org\/v11\/wp-json\/wp\/v2\/pages\/558"}],"collection":[{"href":"https:\/\/www.cooksofgrind.org\/v11\/wp-json\/wp\/v2\/pages"}],"about":[{"href":"https:\/\/www.cooksofgrind.org\/v11\/wp-json\/wp\/v2\/types\/page"}],"author":[{"embeddable":true,"href":"https:\/\/www.cooksofgrind.org\/v11\/wp-json\/wp\/v2\/users\/2"}],"replies":[{"embeddable":true,"href":"https:\/\/www.cooksofgrind.org\/v11\/wp-json\/wp\/v2\/comments?post=558"}],"version-history":[{"count":11,"href":"https:\/\/www.cooksofgrind.org\/v11\/wp-json\/wp\/v2\/pages\/558\/revisions"}],"predecessor-version":[{"id":1021,"href":"https:\/\/www.cooksofgrind.org\/v11\/wp-json\/wp\/v2\/pages\/558\/revisions\/1021"}],"up":[{"embeddable":true,"href":"https:\/\/www.cooksofgrind.org\/v11\/wp-json\/wp\/v2\/pages\/504"}],"wp:attachment":[{"href":"https:\/\/www.cooksofgrind.org\/v11\/wp-json\/wp\/v2\/media?parent=558"}],"curies":[{"name":"wp","href":"https:\/\/api.w.org\/{rel}","templated":true}]}}