{"id":568,"date":"2013-04-13T20:14:38","date_gmt":"2013-04-13T18:14:38","guid":{"rendered":"http:\/\/www.cooksofgrind.org\/v11\/?page_id=568"},"modified":"2018-04-27T09:03:55","modified_gmt":"2018-04-27T07:03:55","slug":"grind-cooking-21","status":"publish","type":"page","link":"https:\/\/www.cooksofgrind.org\/v11\/menus\/grind-cooking-21\/","title":{"rendered":".. grind cooking #21 .."},"content":{"rendered":"<p><img loading=\"lazy\" decoding=\"async\" class=\"alignleft size-full wp-image-787\" alt=\"grind2004\" src=\"https:\/\/www.cooksofgrind.org\/v11\/wp-content\/uploads\/grind20041.jpg\" width=\"120\" height=\"140\" \/> <img loading=\"lazy\" decoding=\"async\" class=\"alignleft size-full wp-image-788\" alt=\"grind2006\" src=\"https:\/\/www.cooksofgrind.org\/v11\/wp-content\/uploads\/grind20061.jpg\" width=\"120\" height=\"142\" \/> <img loading=\"lazy\" decoding=\"async\" class=\"alignleft size-full wp-image-789\" alt=\"grind2007\" src=\"https:\/\/www.cooksofgrind.org\/v11\/wp-content\/uploads\/grind20071.jpg\" width=\"120\" height=\"142\" \/> <img loading=\"lazy\" decoding=\"async\" class=\"alignleft size-full wp-image-790\" alt=\"grind2005\" src=\"https:\/\/www.cooksofgrind.org\/v11\/wp-content\/uploads\/grind20051.jpg\" width=\"120\" height=\"142\" \/><\/p>\n<p>&nbsp;<\/p>\n<p>&nbsp;<\/p>\n<p>&nbsp;<\/p>\n<p>&nbsp;<\/p>\n<p>&nbsp;<\/p>\n<p>&nbsp;<\/p>\n<p><strong><span style=\"color: #000000;\">men\u00fc &#8222;Arnulf P.\u201c<\/span><\/strong><\/p>\n<p><span style=\"color: #000000;\">koch: Fozzey<\/span><br \/>\n<span style=\"color: #000000;\">host: rok<\/span><\/p>\n<p><strong><span style=\"color: #000000;\">Vorspeise Sauerkrautsuppe<\/span><\/strong><\/p>\n<p><span style=\"color: #000000;\">300 g Zwiebeln<\/span><br \/>\n<span style=\"color: #000000;\">5 Knoblauchzehen<\/span><br \/>\n<span style=\"color: #000000;\">1 kg Sauerkraut<\/span><br \/>\n<span style=\"color: #000000;\">50 g Schweineschmalz<\/span><br \/>\n<span style=\"color: #000000;\">1 Pkg. K\u00fcmmel<\/span><br \/>\n<span style=\"color: #000000;\">1 Pkg. Paprikapulver<\/span><br \/>\n<span style=\"color: #000000;\">2 El. Zucker<\/span><br \/>\n<span style=\"color: #000000;\">500 ml Schlagsahne<\/span><br \/>\n<span style=\"color: #000000;\">1 l Gem\u00fcsefond<\/span><br \/>\n<span style=\"color: #000000;\">500 g Fleisch<\/span><br \/>\n<span style=\"color: #000000;\">Salz, Pfeffer, Petersiele<\/span><\/p>\n<p><span style=\"color: #000000;\">Zwiebeln und Knoblauch sch\u00e4le, sehr fein w\u00fcrfeln. Sauerkraut in einem Sieb mit kaltem Wasser kurz absp\u00fclen, leicht ausdr\u00fccken und grob zerschneiden. Zwiebeln und Knoblauch in einem Topf mit dem Schmalz anr\u00f6sten. Sauerkraut, K\u00fcmmel, Paprikapulver und Zucker zugeben. Mit Sahne, Gem\u00fcsefond und _ l Wasser auff\u00fcllen und ca. eine halbe Stunde kochen lassen.<\/span><br \/>\n<span style=\"color: #000000;\">Fleisch in Streifen schneiden, in einer Pfanne mit \u00d6l anbraten, zur Suppe geben und 10 \u2013 15 Minuten mitgaren. Die Suppe mit Salz und Pfeffer abschmecken und in Tellern mit der gehackten Petersilie servieren.<\/span><\/p>\n<p><strong><span style=\"color: #000000;\">Hauptgang Weihnachtstoast<\/span><\/strong><\/p>\n<p><span style=\"color: #000000;\">2 Pkg. Toastbrot<\/span><br \/>\n<span style=\"color: #000000;\">1\/2 kg Toastschinken<\/span><br \/>\n<span style=\"color: #000000;\">3 Pkg. Toastk\u00e4se<\/span><br \/>\n<span style=\"color: #000000;\">1 Pkg. Falsche Wunderkerzen<\/span><\/p>\n<p><span style=\"color: #000000;\">Alle Zutaten auspacken, Schinken und K\u00e4se zwischen zwei Toastscheiben legen und zuklappen.<\/span><br \/>\n<span style=\"color: #000000;\">Toasts in das vorgeheizte Backrohr schieben, in der Zwischenzeit mit einem weihnachtlichen Keksausstecher dekorative Motive aus dem restlichen K\u00e4se ausstechen. Nach ca. 5 Minuten die Toasts aus dem Backrohr nehmen und mit den K\u00e4semotiven belegen und f\u00fcr ca. 2 Minuten wieder in das Backrohr schieben. Zum Schluss alles aus dem Rohr nehmen, auf kleinen Tellern servieren und mit falschen Wunderkerzen dekorieren.<\/span><\/p>\n<p><strong><span style=\"color: #000000;\">Nachspeise\u00a0Herrenkuchen mit Spr\u00fchschlag und Punsch<\/span><\/strong><\/p>\n<p><span style=\"color: #000000;\">2 Pkg. Herrenkuchen vom Hofer<\/span><br \/>\n<span style=\"color: #000000;\">1 Dose Spr\u00fchschlag (auf pflanzlicher Basis) vom Hofer<\/span><br \/>\n<span style=\"color: #000000;\">Punsch:<\/span><br \/>\n<span style=\"color: #000000;\">4 l Rotweinverschnitt aus dem Tetrapack<\/span><br \/>\n<span style=\"color: #000000;\">1 Fl Rum (Inl\u00e4nder 38 %)<\/span><br \/>\n<span style=\"color: #000000;\">Punschfix<\/span><br \/>\n<span style=\"color: #000000;\">Zitrusfr\u00fcchte<\/span><br \/>\n<span style=\"color: #000000;\">Zucker<\/span><\/p>\n<p><span style=\"color: #000000;\">Den Herrenkuchen aus der Verpackung nehmen, auf ein gro\u00dfes Teller legen und mit gro\u00dfem Messer und Pr\u00fchschlag servieren (Selbstbedienung).<\/span><br \/>\n<span style=\"color: #000000;\">F\u00fcr den Punsch einen gro\u00dfen Topf nehmen, den Wein einf\u00fcllen, aufkochen lassen. Punschfix, Zucker, Rum und geschnittene (in unserem Fall \u201ebiologisch korrekt gehaltene\u201c) Zitrusfr\u00fcchte beigeben und eine Viertelstunde ziehen lassen. Den Punsch in hitzebest\u00e4ndigen Kr\u00fcgen servieren.<\/span><\/p>\n<p><strong><span style=\"color: #000000;\">Kritiken:<\/span><\/strong><\/p>\n<p><span style=\"color: #000000;\">Wenn da Fossi kocht&#8230;<\/span><br \/>\n<span style=\"color: #000000;\">donn gips an guadn tschapp. a feins suppal mid recht f\u00fcl kraut un zwiifl, dazua a guaz biia, jo jo, da fossi schaut auf uns. ols haupschpeiss an toost mid an scheenan schtern in da mittn, do homma olle gschaud, so anfoch oba so guad..da heankuchn ols finale aa schpizze, a poa lustige hom si den schpr\u00fc\u00fcschloog glei direkt in de pappm gschprizt, so wos..de hom wull a bissal zf\u00fcl vom guadn punsch dawischt khobt. <\/span><br \/>\n<span style=\"color: #000000;\">a joo, genau, scheene geschenke hozz a no geebm. <\/span><br \/>\n<span style=\"color: #000000;\">jo<\/span><\/p>\n","protected":false},"excerpt":{"rendered":"<p>&nbsp; &nbsp; &nbsp; &nbsp; &nbsp; &nbsp; men\u00fc &#8222;Arnulf P.\u201c koch: Fozzey host: rok Vorspeise Sauerkrautsuppe 300 g Zwiebeln 5 Knoblauchzehen 1 kg Sauerkraut 50 g Schweineschmalz 1 Pkg&#8230;.<\/p>\n","protected":false},"author":2,"featured_media":0,"parent":504,"menu_order":0,"comment_status":"closed","ping_status":"closed","template":"","meta":{"footnotes":""},"_links":{"self":[{"href":"https:\/\/www.cooksofgrind.org\/v11\/wp-json\/wp\/v2\/pages\/568"}],"collection":[{"href":"https:\/\/www.cooksofgrind.org\/v11\/wp-json\/wp\/v2\/pages"}],"about":[{"href":"https:\/\/www.cooksofgrind.org\/v11\/wp-json\/wp\/v2\/types\/page"}],"author":[{"embeddable":true,"href":"https:\/\/www.cooksofgrind.org\/v11\/wp-json\/wp\/v2\/users\/2"}],"replies":[{"embeddable":true,"href":"https:\/\/www.cooksofgrind.org\/v11\/wp-json\/wp\/v2\/comments?post=568"}],"version-history":[{"count":5,"href":"https:\/\/www.cooksofgrind.org\/v11\/wp-json\/wp\/v2\/pages\/568\/revisions"}],"predecessor-version":[{"id":1025,"href":"https:\/\/www.cooksofgrind.org\/v11\/wp-json\/wp\/v2\/pages\/568\/revisions\/1025"}],"up":[{"embeddable":true,"href":"https:\/\/www.cooksofgrind.org\/v11\/wp-json\/wp\/v2\/pages\/504"}],"wp:attachment":[{"href":"https:\/\/www.cooksofgrind.org\/v11\/wp-json\/wp\/v2\/media?parent=568"}],"curies":[{"name":"wp","href":"https:\/\/api.w.org\/{rel}","templated":true}]}}